{"id":16273,"date":"2024-05-30T12:07:44","date_gmt":"2024-05-30T11:07:44","guid":{"rendered":"https:\/\/www.agriadvisor.co.uk\/?page_id=16273"},"modified":"2026-03-04T12:28:27","modified_gmt":"2026-03-04T12:28:27","slug":"adfer-dyled","status":"publish","type":"page","link":"https:\/\/www.agriadvisor.co.uk\/cy\/prisiau\/adfer-dyled\/","title":{"rendered":"Adfer Dyled"},"content":{"rendered":"<p><a href=\"https:\/\/www.agriadvisor.co.uk\/wp-content\/uploads\/2026\/03\/Ffioedd-Llys-Adfer-Dyled-a-Ffioedd-Agri-Advisor-2026.pdf\" target=\"_blank\" rel=\"noopener\">Adfer Dyled &#8211; Canllaw Ffioedd i lawrlwytho<\/a><\/p>\n<h3><strong>Ffioedd Llys Adfer Dyled a Ffioedd Agri Advisor 2026<\/strong><\/h3>\n<h4><strong>Hawliadau Bach \u2013 hawliad sy&#8217;n werth llai na \u00a310,000 (Heb ei amddiffyn)<\/strong><\/h4>\n<p>&nbsp;<\/p>\n<p><strong>Gwerth yr Hawliad\u00a0 \u00a0 \u00a0 \u00a0 \u00a0 \u00a0 \u00a0 \u00a0 \u00a0 \u00a0 \u00a0 \u00a0 \u00a0 \u00a0 \u00a0Ffi Llys\u00a0 \u00a0 \u00a0 \u00a0 \u00a0 \u00a0 \u00a0 \u00a0 \u00a0 \u00a0 \u00a0 \u00a0 \u00a0 Ein Ffioedd<\/strong><\/p>\n<p>Lan i \u00a35,000\u00a0 \u00a0 \u00a0 \u00a0 \u00a0 \u00a0 \u00a0 \u00a0 \u00a0 \u00a0 \u00a0 \u00a0 \u00a0 \u00a0 \u00a0 \u00a0 \u00a0 \u00a0 \u00a0 \u00a0 \u00a0 \u00a0 \u00a0 \u00a0 \u00a335 &#8211; \u00a3205\u00a0 \u00a0 \u00a0 \u00a0 \u00a0 \u00a0 \u00a0 \u00a0 \u00a0 \u00a0 \u00a0 \u00a3400 &#8211; \u00a3750 ynghyd \u00e2 TAW<\/p>\n<p>\u00a35,001 &#8211; \u00a310,000\u00a0 \u00a0 \u00a0 \u00a0 \u00a0 \u00a0 \u00a0 \u00a0 \u00a0 \u00a0 \u00a0 \u00a0 \u00a0 \u00a0 \u00a0 \u00a0 \u00a0 \u00a0 \u00a0 \u00a0 \u00a3455\u00a0 \u00a0 \u00a0 \u00a0 \u00a0 \u00a0 \u00a0 \u00a0 \u00a0 \u00a0 \u00a0 \u00a0 \u00a0 \u00a0 \u00a0 \u00a0 \u00a0\u00a3750 &#8211; \u00a31,500.00 ynghyd \u00e2 TAW<\/p>\n<p>&nbsp;<\/p>\n<h4><strong>Hawliadau Bach \u2013 hawliad gwerth llai na \u00a310,000 (Amddiffynwyd)<\/strong><\/h4>\n<p>Ar \u00f4l cyflwyno&#8217;r hawliad, os bydd amddiffyniad neu gyfaddefiad yn cael ei ffeilio, bydd yn rhaid ymdrin \u00e2&#8217;r mater ar sail amser \u00e2 dreulir ar gyfradd fesul awr o rhwng \u00a3134.00 &#8211; \u00a3189.00 ynghyd \u00e2 THAW (\u00a3160.80 &#8211; \u00a3226.80 gan gynnwys TAW) yn dibynnu ar brofiad a chymwysterau&#8217;r cyfreithiwr sy\u2019n delio \u00e2&#8217;r mater.<\/p>\n<p>&nbsp;<\/p>\n<h4><strong>Llwybr Cyflym ac Aml-Drac &#8211; hawliadau gwerth mwy na \u00a310,000.<\/strong><\/h4>\n<p><strong>Ffi Llys<\/strong><\/p>\n<p>Os yw&#8217;r hawliad yn werth mwy na \u00a310,000 ond yn llai na \u00a3200,000 bydd ffi\u2019r llys yn 5% o werth yr hawliad.<\/p>\n<p>Os yw&#8217;r hawliad yn werth mwy na \u00a3200,000 bydd ffi\u2019r llys yn \u00a310,000.<\/p>\n<p>&nbsp;<\/p>\n<p><strong>Ffioedd Agri Advisor<\/strong><\/p>\n<p>Mae Llwybr Cyflym ac Aml-Drac yn fwy cymhleth na&#8217;r rhai sy&#8217;n dod o fewn y Trac Hawliadau Bach, felly bydd y gwaith uchod yn cael ei wneud ar gyfradd fesul awr o rhwng \u00a3189.00 &#8211; \u00a3225.00 ynghyd \u00e2 THAW (\u00a3226.80 &#8211; \u00a3306.00 gan gynnwys TAW) yn dibynnu ar brofiad a chymwysterau&#8217;r cyfreithiwr sy\u2019n delio \u00e2&#8217;r mater.<\/p>\n<p>Unwaith y bydd dyfarniad wedi&#8217;i wneud, efallai y bydd angen cymryd camau gorfodi. Ymdrinnir \u00e2 hyn fesul achos ac awgrymir dull gorfodi priodol. Bydd unrhyw waith a wneir i orfodi dyfarniad yn cael ei godi ar sail amser a dreulir fel yr uchod.<\/p>\n<p>Yn ogystal \u00e2&#8217;r uchod, mae costau a thaliadau eraill a allai fod yn angenrheidiol i fynd ar drywydd hawliadau dyled fel ffioedd Bargyfreithiwr a ffioedd arbenigwyr. Bydd y ffioedd hynny&#8217;n amrywio yn dibynnu ar gymhlethdod a maint yr hawliad.<\/p>\n","protected":false},"excerpt":{"rendered":"<p>Adfer Dyled &#8211; Canllaw Ffioedd i lawrlwytho Ffioedd Llys Adfer Dyled a Ffioedd Agri Advisor 2026 Hawliadau Bach \u2013 hawliad sy&#8217;n werth llai na \u00a310,000 (Heb ei amddiffyn) &nbsp; Gwerth&#8230;<\/p>\n","protected":false},"author":5,"featured_media":0,"parent":16272,"menu_order":25,"comment_status":"closed","ping_status":"closed","template":"","meta":{"_acf_changed":false,"footnotes":""},"pagetype":[],"class_list":["post-16273","page","type-page","status-publish","hentry"],"acf":[],"yoast_head":"<!-- This site is optimized with the Yoast SEO plugin v27.5 - https:\/\/yoast.com\/product\/yoast-seo-wordpress\/ -->\n<title>Adfer Dyled - Agri Advisor<\/title>\n<meta name=\"robots\" content=\"index, follow, max-snippet:-1, max-image-preview:large, max-video-preview:-1\" \/>\n<link rel=\"canonical\" href=\"https:\/\/www.agriadvisor.co.uk\/cy\/prisiau\/adfer-dyled\/\" \/>\n<meta property=\"og:locale\" content=\"cy_GB\" \/>\n<meta property=\"og:type\" content=\"article\" \/>\n<meta property=\"og:title\" content=\"Adfer Dyled - Agri Advisor\" \/>\n<meta property=\"og:description\" content=\"Adfer Dyled &#8211; Canllaw Ffioedd i lawrlwytho Ffioedd Llys Adfer Dyled a Ffioedd Agri Advisor 2026 Hawliadau Bach \u2013 hawliad sy&#8217;n werth llai na \u00a310,000 (Heb ei amddiffyn) &nbsp; Gwerth...\" \/>\n<meta property=\"og:url\" content=\"https:\/\/www.agriadvisor.co.uk\/cy\/prisiau\/adfer-dyled\/\" \/>\n<meta property=\"og:site_name\" content=\"Agri Advisor\" \/>\n<meta property=\"article:modified_time\" content=\"2026-03-04T12:28:27+00:00\" \/>\n<meta name=\"twitter:card\" content=\"summary_large_image\" \/>\n<meta name=\"twitter:label1\" content=\"Est. reading time\" \/>\n\t<meta name=\"twitter:data1\" content=\"2 minutes\" \/>\n<script type=\"application\/ld+json\" class=\"yoast-schema-graph\">{\"@context\":\"https:\\\/\\\/schema.org\",\"@graph\":[{\"@type\":\"WebPage\",\"@id\":\"https:\\\/\\\/www.agriadvisor.co.uk\\\/cy\\\/prisiau\\\/adfer-dyled\\\/\",\"url\":\"https:\\\/\\\/www.agriadvisor.co.uk\\\/cy\\\/prisiau\\\/adfer-dyled\\\/\",\"name\":\"Adfer Dyled - Agri Advisor\",\"isPartOf\":{\"@id\":\"https:\\\/\\\/www.agriadvisor.co.uk\\\/#website\"},\"datePublished\":\"2024-05-30T11:07:44+00:00\",\"dateModified\":\"2026-03-04T12:28:27+00:00\",\"breadcrumb\":{\"@id\":\"https:\\\/\\\/www.agriadvisor.co.uk\\\/cy\\\/prisiau\\\/adfer-dyled\\\/#breadcrumb\"},\"inLanguage\":\"cy-GB\",\"potentialAction\":[{\"@type\":\"ReadAction\",\"target\":[\"https:\\\/\\\/www.agriadvisor.co.uk\\\/cy\\\/prisiau\\\/adfer-dyled\\\/\"]}]},{\"@type\":\"BreadcrumbList\",\"@id\":\"https:\\\/\\\/www.agriadvisor.co.uk\\\/cy\\\/prisiau\\\/adfer-dyled\\\/#breadcrumb\",\"itemListElement\":[{\"@type\":\"ListItem\",\"position\":1,\"name\":\"Home\",\"item\":\"https:\\\/\\\/www.agriadvisor.co.uk\\\/cy\\\/\"},{\"@type\":\"ListItem\",\"position\":2,\"name\":\"Prisiau\",\"item\":\"https:\\\/\\\/www.agriadvisor.co.uk\\\/prisiau\\\/\"},{\"@type\":\"ListItem\",\"position\":3,\"name\":\"Adfer Dyled\"}]},{\"@type\":\"WebSite\",\"@id\":\"https:\\\/\\\/www.agriadvisor.co.uk\\\/#website\",\"url\":\"https:\\\/\\\/www.agriadvisor.co.uk\\\/\",\"name\":\"Agri Advisor\",\"description\":\"A Specialist Rural Firm of Solicitors and Advisors\",\"inLanguage\":\"cy-GB\"}]}<\/script>\n<!-- \/ Yoast SEO plugin. -->","yoast_head_json":{"title":"Adfer Dyled - Agri Advisor","robots":{"index":"index","follow":"follow","max-snippet":"max-snippet:-1","max-image-preview":"max-image-preview:large","max-video-preview":"max-video-preview:-1"},"canonical":"https:\/\/www.agriadvisor.co.uk\/cy\/prisiau\/adfer-dyled\/","og_locale":"cy_GB","og_type":"article","og_title":"Adfer Dyled - Agri Advisor","og_description":"Adfer Dyled &#8211; Canllaw Ffioedd i lawrlwytho Ffioedd Llys Adfer Dyled a Ffioedd Agri Advisor 2026 Hawliadau Bach \u2013 hawliad sy&#8217;n werth llai na \u00a310,000 (Heb ei amddiffyn) &nbsp; Gwerth...","og_url":"https:\/\/www.agriadvisor.co.uk\/cy\/prisiau\/adfer-dyled\/","og_site_name":"Agri Advisor","article_modified_time":"2026-03-04T12:28:27+00:00","twitter_card":"summary_large_image","twitter_misc":{"Est. reading time":"2 minutes"},"schema":{"@context":"https:\/\/schema.org","@graph":[{"@type":"WebPage","@id":"https:\/\/www.agriadvisor.co.uk\/cy\/prisiau\/adfer-dyled\/","url":"https:\/\/www.agriadvisor.co.uk\/cy\/prisiau\/adfer-dyled\/","name":"Adfer Dyled - Agri Advisor","isPartOf":{"@id":"https:\/\/www.agriadvisor.co.uk\/#website"},"datePublished":"2024-05-30T11:07:44+00:00","dateModified":"2026-03-04T12:28:27+00:00","breadcrumb":{"@id":"https:\/\/www.agriadvisor.co.uk\/cy\/prisiau\/adfer-dyled\/#breadcrumb"},"inLanguage":"cy-GB","potentialAction":[{"@type":"ReadAction","target":["https:\/\/www.agriadvisor.co.uk\/cy\/prisiau\/adfer-dyled\/"]}]},{"@type":"BreadcrumbList","@id":"https:\/\/www.agriadvisor.co.uk\/cy\/prisiau\/adfer-dyled\/#breadcrumb","itemListElement":[{"@type":"ListItem","position":1,"name":"Home","item":"https:\/\/www.agriadvisor.co.uk\/cy\/"},{"@type":"ListItem","position":2,"name":"Prisiau","item":"https:\/\/www.agriadvisor.co.uk\/prisiau\/"},{"@type":"ListItem","position":3,"name":"Adfer Dyled"}]},{"@type":"WebSite","@id":"https:\/\/www.agriadvisor.co.uk\/#website","url":"https:\/\/www.agriadvisor.co.uk\/","name":"Agri Advisor","description":"A Specialist Rural Firm of Solicitors and Advisors","inLanguage":"cy-GB"}]}},"_links":{"self":[{"href":"https:\/\/www.agriadvisor.co.uk\/cy\/wp-json\/wp\/v2\/pages\/16273","targetHints":{"allow":["GET"]}}],"collection":[{"href":"https:\/\/www.agriadvisor.co.uk\/cy\/wp-json\/wp\/v2\/pages"}],"about":[{"href":"https:\/\/www.agriadvisor.co.uk\/cy\/wp-json\/wp\/v2\/types\/page"}],"author":[{"embeddable":true,"href":"https:\/\/www.agriadvisor.co.uk\/cy\/wp-json\/wp\/v2\/users\/5"}],"replies":[{"embeddable":true,"href":"https:\/\/www.agriadvisor.co.uk\/cy\/wp-json\/wp\/v2\/comments?post=16273"}],"version-history":[{"count":5,"href":"https:\/\/www.agriadvisor.co.uk\/cy\/wp-json\/wp\/v2\/pages\/16273\/revisions"}],"predecessor-version":[{"id":19770,"href":"https:\/\/www.agriadvisor.co.uk\/cy\/wp-json\/wp\/v2\/pages\/16273\/revisions\/19770"}],"up":[{"embeddable":true,"href":"https:\/\/www.agriadvisor.co.uk\/cy\/wp-json\/wp\/v2\/pages\/16272"}],"wp:attachment":[{"href":"https:\/\/www.agriadvisor.co.uk\/cy\/wp-json\/wp\/v2\/media?parent=16273"}],"wp:term":[{"taxonomy":"pagetype","embeddable":true,"href":"https:\/\/www.agriadvisor.co.uk\/cy\/wp-json\/wp\/v2\/pagetype?post=16273"}],"curies":[{"name":"wp","href":"https:\/\/api.w.org\/{rel}","templated":true}]}}