{"id":16279,"date":"2024-05-30T12:25:43","date_gmt":"2024-05-30T11:25:43","guid":{"rendered":"https:\/\/www.agriadvisor.co.uk\/?page_id=16279"},"modified":"2026-03-04T12:36:51","modified_gmt":"2026-03-04T12:36:51","slug":"profiant-gweinyddu-ystadau","status":"publish","type":"page","link":"https:\/\/www.agriadvisor.co.uk\/cy\/prisiau\/profiant-gweinyddu-ystadau\/","title":{"rendered":"Profiant \/ Gweinyddu Ystadau"},"content":{"rendered":"<p><a href=\"https:\/\/www.agriadvisor.co.uk\/wp-content\/uploads\/2026\/03\/Profiant-neu-Gweinyddu-Ystadau-Canllaw-Fioed-2026.pdf\" target=\"_blank\" rel=\"noopener\">Profiant \/ Gweinyddu Ystadau &#8211; Canllaw Fioed i lawrlwytho<\/a><\/p>\n<h3><strong>Canllaw ffioedd profiant \/ Gweinyddu Ystadau<\/strong><\/h3>\n<p>Gall ein t\u00eem arbenigol yn Agri Advisor ymdrin \u00e2 phob agwedd ar y broses o weinyddu ystadau, o&#8217;r camau cychwynnol o hysbysu&#8217;r awdurdodau a&#8217;r sefydliadau perthnasol, i gael Grant Profiant neu Grant Llythyrau Gweinyddu, i ddelio wedi hynny ag anheddiad a dosbarthiad yr yst\u00e2d a throsglwyddiadau eiddo.<\/p>\n<p>Gan nad oes angen Grant bob amser, gallwn helpu gyda&#8217;r elfennau ymarferol o ddelio ag asedau ar y cyd a chynorthwyo&#8217;r goroeswr i hysbysu trydydd parti perthnasol o&#8217;r farwolaeth. Gallwn hefyd helpu gyda&#8217;r weithdrefn lle bu farw&#8217;r ymadawedig yn ddi-ewyllys, h.y. heb ewyllys.<\/p>\n<p>Er bod y manylion hyn yn ymwneud ag yst\u00e2d ddiwrthwynebiad, gallwn gynorthwyo a chynghori mewn perthynas \u00e2 hawliadau posibl yn erbyn ystadau. Gall ein T\u00eem Datrys Anghydfodau eich cynghori ymhellach am faterion o&#8217;r fath. Yn ogystal \u00e2 chael y Grant, rydym yn delio \u00e2 chwblhau a chyflwyno ffurflenni Treth Etifeddiant.<\/p>\n<p>Er mai amaethyddiaeth yw ein hardal arbenigol, mae ein t\u00eem hefyd yn brofiadol iawn mewn ystadau nad ydynt yn amaethyddol, gan gynnwys y rhai sy&#8217;n ymwneud ag eiddo masnachol a phreswyl.<\/p>\n<p>Mae ein gwasanaeth proffesiynol a phersonol yn sicrhau yr ymdrinnir \u00e2&#8217;r broses weinyddu&#8217;n gywir ac mewn modd amserol er mwyn sicrhau ei fod yn cael ei gwblhau cyn gynted \u00e2 phosibl. Gallwn gynnig y gwasanaeth naill ai yn Gymraeg neu Saesneg hefyd i gyd-fynd \u00e2&#8217;ch dewis.<\/p>\n<p>Bydd ein gwasanaethau a&#8217;n costau yn amrywio yn dibynnu ar y math o gyfarwyddyd a dderbyniwyd, a&#8217;r yst\u00e2d dan sylw, fel y manylir yn fras isod:<\/p>\n<h4><strong>Amcangyfrif o&#8217;r costau sy&#8217;n gysylltiedig<\/strong><\/h4>\n<p>Yma yn Agri Advisor, rydyn ni&#8217;n codi t\u00e2l am yr amser rydyn ni&#8217;n ei dreulio ar ffeil. Er y caniateir i gyfreithwyr godi codiad yn seiliedig ar werth yr yst\u00e2d, nid ydym yn gwneud hynny ac mae ein taliadau yn seiliedig ar yr amser a dreulir wrth ddelio \u00e2&#8217;r mater.<\/p>\n<p>Mae&#8217;r wybodaeth isod yn seiliedig ar gyfarwyddiadau i ddelio \u00e2 gweinyddiaeth lawn o&#8217;r yst\u00e2d:<\/p>\n<h4><strong>(A) os yw&#8217;r yst\u00e2d gros at ddibenion Treth Etifeddiaeth yn cael ei brisio ar lai na \u00a31,000,000<\/strong><\/h4>\n<p>Bydd yr union gost yn dibynnu ar nifer o ffactorau i gynnwys natur yr asedau sy&#8217;n eiddo i&#8217;r ymadawedig, nifer y buddiolwyr a hefyd a adawodd yr ymadawedig ewyllys dilys ai peidio. Mae&#8217;n debygol bydda\u2019r costau at yr ochr is o&#8217;r amcangyfrif isod lle mae angen llai o waith nag a ragwelir i weinyddu&#8217;r yst\u00e2d.<\/p>\n<p>Mae&#8217;r amcangyfrif yn tybio bod y canlynol yn berthnasol:<\/p>\n<ul>\n<li>Mae ewyllys dilys,<\/li>\n<li>Dim ond un eiddo sydd,<\/li>\n<li>Nid oes unrhyw asedau tramor neu elfennau tramor,<\/li>\n<li>Nid oes mwy na 5 o fuddiolwyr,<\/li>\n<li>Nid oes mwy na 5 buddsoddiad,<\/li>\n<li>Mae&#8217;r yst\u00e2d yn ddiwrthwynebiad h.y. nid oes anghydfod,<\/li>\n<li>Nid oes Treth Etifeddiaeth i&#8217;w thalu,<\/li>\n<li>Nid yw&#8217;r yst\u00e2d nac unrhyw un o&#8217;r buddiolwyr yn fethdalwr,<\/li>\n<li>Nid oes Gweithred o Amrywiad.<\/li>\n<\/ul>\n<p>&nbsp;<\/p>\n<p>COSTAU CYFRADD YR AWR: Fel y soniwyd uchod, mae ein costau&#8217;n amrywio yn dibynnu ar yr amser rydym yn ei dreulio ar y mater. Mae ein costau hefyd yn amrywio yn dibynnu ar y person sy&#8217;n gwneud gwaith ar y ffeil ac felly rydym wedi darparu ystod sy&#8217;n ymgorffori&#8217;r newidynnau posibl.<\/p>\n<p>Rydym yn amcangyfrif y byddai cwblhau gweinyddu yst\u00e2d fel y manylir uchod yn cymryd rhwng 18 a 30 awr o waith ar gyfartaledd ar gyfradd yr awr o rhwng \u00a3189 &#8211; \u00a3275 a THAW (\u00a3226.80 &#8211; \u00a3330 gan gynnwys TAW) yn dibynnu ar brofiad a chymwysterau&#8217;r cyfreithiwr sy\u2019n delio \u00e2&#8217;r mater.<\/p>\n<p>Cyfanswm y costau a amcangyfrifir yn:<\/p>\n<ul>\n<li>Rhwng \u00a33,402 a THAW (\u00a34,082.40 gan gynnwys TAW) a \u00a34,950 ynghyd \u00e2 THAW (\u00a35,940 gan gynnwys TAW) am 18 awr o waith yn dibynnu ar brofiad a chymwysterau&#8217;r cyfreithiwr sy\u2019n delio \u00e2&#8217;r mater.<\/li>\n<li>Rhwng \u00a35,670 a THAW (\u00a36,804 gan gynnwys TAW) ac \u00a38,250 a THAW am 30 awr o waith yn dibynnu ar brofiad a chymwysterau&#8217;r cyfreithiwr sy\u2019n delio \u00e2&#8217;r mater.<\/li>\n<\/ul>\n<p>Yn ogystal, mae&#8217;n debygol y bydd costau&#8217;n cael eu talu fel a ganlyn:<\/p>\n<ul>\n<li>Ffi ymgeisio am brofiant \u2013 \u00a3273.00 ar hyn o bryd ynghyd \u00e2 \u00a31.50 am bob copi wedi&#8217;i selio o&#8217;r Profiant;<\/li>\n<li>Chwiliad Methdaliad &#8211; \u00a32 y buddiolwr;<\/li>\n<li>Hysbyseb Cyhoeddus \u2013 tua \u00a3200 am gyhoeddi hysbysiad o&#8217;r farwolaeth yn The London Gazette a phapur newydd lleol i&#8217;r ymadawedig.<\/li>\n<\/ul>\n<p>&nbsp;<\/p>\n<h4><strong>(B) os yw&#8217;r yst\u00e2d gros at ddibenion Treth Etifeddiaeth yn werth mwy na \u00a31,000,000<\/strong><\/h4>\n<p>Mae angen gwaith ychwanegol os yw&#8217;r yst\u00e2d yn dod o fewn y braced hwn i gynnwys, ond heb fod yn gyfyngedig i, ffurflen hir o Ffurflen Dreth Etifeddiant (IHT400) a allai gynnwys gwneud cais am ryddhad ac eithriadau fel Rhyddhad Eiddo Amaethyddol, Rhyddhad Eiddo Busnes, Band Cyfradd Nil, Band Cyfradd Nil Preswyl a chais i drosglwyddo band cyfradd Nil neu Fand Cyfradd Nil Preswyl nas defnyddiwyd gan briod yr ymadawedig.<\/p>\n<p>Bydd yr union gost yn dibynnu ar nifer o ffactorau, gan gynnwys maint yr asedau sy&#8217;n eiddo i&#8217;r ymadawedig, nifer y buddiolwyr a hefyd a adawodd yr ymadawedig ewyllys dilys ai peidio. Mae&#8217;n debygol bydde\u2019r costau at yr ochr is o&#8217;r amcangyfrif isod lle mae angen llai o waith nag a ragwelir i weinyddu&#8217;r yst\u00e2d.<\/p>\n<p>Mae&#8217;r amcangyfrif yn tybio bod y canlynol yn berthnasol:<\/p>\n<ul>\n<li>Mae ewyllys dilys,<\/li>\n<li>Dim ond un eiddo sydd,<\/li>\n<li>Nid oes unrhyw asedau tramor,<\/li>\n<li>Nid oes mwy na 5 o fuddiolwyr,<\/li>\n<li>Nid oes mwy na 5 buddsoddia,;<\/li>\n<li>Mae&#8217;r yst\u00e2d yn ddiwrthwynebiad h.y. nid oes anghydfod,<\/li>\n<li>Nid oes Gweithred o Amrywiad,<\/li>\n<li>Nid yw&#8217;r yst\u00e2d nac unrhyw un o&#8217;r buddiolwyr yn fethdalwyr.<\/li>\n<\/ul>\n<p>COSTAU CYFRADD YR AWR: Fel y dywedwyd uchod, mae ein costau&#8217;n amrywio yn dibynnu ar yr amser rydym yn ei dreulio ar y mater. Mae ein costau hefyd yn amrywio yn dibynnu ar y person sy&#8217;n gwneud gwaith ar y ffeil ac felly rydym wedi darparu ystod sy&#8217;n ymgorffori&#8217;r newidynnau posibl.<\/p>\n<p>Byddem yn amcangyfrif y byddai cwblhau&#8217;r weinyddiaeth fel y manylir uchod yn cymryd rhwng 25 a 40 awr o waith ar gyfartaledd ar gyfradd fesul awr o rhwng \u00a3189 a \u00a3275 ynghyd \u00e2 THAW (\u00a3226.80 &#8211; \u00a3330 gan gynnwys TAW) yn dibynnu ar brofiad a chymwysterau&#8217;r cyfreithiwr sy\u2019n delio \u00e2&#8217;r mater.<\/p>\n<p>Cyfanswm y costau a amcangyfrifir yn:<\/p>\n<ul>\n<li>Rhwng \u00a34,725 a THAW (\u00a35,670 gan gynnwys TAW) a \u00a34,950 ynghyd \u00e2 THAW (\u00a3,5950 gan<\/li>\n<\/ul>\n<p>gynnwys TAW) am 25 awr o waith yn dibynnu ar brofiad a chymwysterau&#8217;r cyfreithiwr sy\u2019n delio \u00e2&#8217;r mater.<\/p>\n<ul>\n<li>Rhwng \u00a37,560 a THAW (\u00a39,072 gan gynnwys TAW) a \u00a311,000 ynghyd \u00e2 THAW (\u00a313,200 gan<\/li>\n<\/ul>\n<p>gynnwys TAW) am 40 awr o waith yn dibynnu ar brofiad a chymwysterau&#8217;r cyfreithiwr sy\u2019n delio \u00e2&#8217;r mater.<\/p>\n<ul>\n<li>Yn ogystal, mae&#8217;n debygol y bydd costau&#8217;n cael eu talu fel a ganlyn:<\/li>\n<li>Ffi ymgeisio am brofiant \u2013 \u00a3273.00 ar hyn o bryd ynghyd \u00e2 \u00a31.50 am bob copi o&#8217;r Profiant,<\/li>\n<li>Chwiliad Methdaliad &#8211; \u00a32 y buddiolwr,<\/li>\n<li>Hysbyseb Cyhoeddus \u2013 tua \u00a3200 am gyhoeddi hysbysiad o&#8217;r farwolaeth yn The London Gazette a phapur newydd lleol i&#8217;r ymadawedig.<\/li>\n<\/ul>\n<p><strong>Pa mor hir y bydd yn ei gymryd? <\/strong><\/p>\n<p>Ar gyfartaledd, cyflwynir cais am Grant Profiant\/Llythyrau Gweinyddu i&#8217;r Gofrestrfa Profiant o fewn 4 i 6 mis i ddyddiad y cyfarwyddyd. Mae&#8217;r amserlen yn dibynnu ar nifer o ffactorau allanol gan gynnwys pa mor gyflym y mae trydydd parti, fel banciau, cymdeithasau adeiladau ac ysgutorion, yn delio \u00e2&#8217;n gohebiaeth.<\/p>\n<p><strong>Ffactorau a allai gynyddu costau: <\/strong><\/p>\n<ul>\n<li>Dim ewyllys dilys,<\/li>\n<li>Nifer o eiddo,<\/li>\n<li>Buddsoddiadau health,<\/li>\n<li>Mwy na 5 o 5 buddiolwyr,<\/li>\n<li>Atebolrwydd Treth Etifeddiant,<\/li>\n<li>Polis\u00efau bywyd,<\/li>\n<li>Naill ai&#8217;r fodolaeth ar ddyddiad y farwolaeth neu&#8217;r greadigaeth mewn Ewyllys o<\/li>\n<\/ul>\n<p>Ymddiriedolaethau, gan gynnwys Buddiannau Bywyd,<\/p>\n<ul>\n<li>Rhoddion a wnaed gan yr ymadawedig yn y 7 mlynedd cyn ei farwolaeth,<\/li>\n<li>Ymdrin \u00e2 Threth Incwm a\/neu Dreth Enillion Cyfalaf gyda Chyfrifydd a\/neu Gyllid y Wlad,<\/li>\n<li>Yr angen i drosglwyddo eiddo i fuddiolwr.<\/li>\n<\/ul>\n<p>Os oes angen rhagor o fanylion arnoch am ymgynghoriad cychwynnol rhad ac am ddim dros y ff\u00f4n, cysylltwch \u00e2&#8217;n t\u00eem ar 01678 444 005 neu <a href=\"mailto:advisor@agriadvisor.co.uk\">advisor@agriadvisor.co.uk.<\/a><\/p>\n","protected":false},"excerpt":{"rendered":"<p>Profiant \/ Gweinyddu Ystadau &#8211; Canllaw Fioed i lawrlwytho Canllaw ffioedd profiant \/ Gweinyddu Ystadau Gall ein t\u00eem arbenigol yn Agri Advisor ymdrin \u00e2 phob agwedd ar y broses o&#8230;<\/p>\n","protected":false},"author":5,"featured_media":0,"parent":16272,"menu_order":27,"comment_status":"closed","ping_status":"closed","template":"","meta":{"_acf_changed":false,"footnotes":""},"pagetype":[],"class_list":["post-16279","page","type-page","status-publish","hentry"],"acf":[],"yoast_head":"<!-- This site is optimized with the Yoast SEO plugin v27.5 - https:\/\/yoast.com\/product\/yoast-seo-wordpress\/ -->\n<title>Profiant \/ Gweinyddu Ystadau - Agri Advisor<\/title>\n<meta name=\"robots\" content=\"index, follow, max-snippet:-1, max-image-preview:large, max-video-preview:-1\" \/>\n<link rel=\"canonical\" href=\"https:\/\/www.agriadvisor.co.uk\/cy\/prisiau\/profiant-gweinyddu-ystadau\/\" \/>\n<meta property=\"og:locale\" content=\"cy_GB\" \/>\n<meta property=\"og:type\" content=\"article\" \/>\n<meta property=\"og:title\" content=\"Profiant \/ Gweinyddu Ystadau - Agri Advisor\" \/>\n<meta property=\"og:description\" content=\"Profiant \/ Gweinyddu Ystadau &#8211; Canllaw Fioed i lawrlwytho Canllaw ffioedd profiant \/ Gweinyddu Ystadau Gall ein t\u00eem arbenigol yn Agri Advisor ymdrin \u00e2 phob agwedd ar y broses o...\" \/>\n<meta property=\"og:url\" content=\"https:\/\/www.agriadvisor.co.uk\/cy\/prisiau\/profiant-gweinyddu-ystadau\/\" \/>\n<meta property=\"og:site_name\" content=\"Agri Advisor\" \/>\n<meta property=\"article:modified_time\" content=\"2026-03-04T12:36:51+00:00\" \/>\n<meta name=\"twitter:card\" content=\"summary_large_image\" \/>\n<meta name=\"twitter:label1\" content=\"Est. reading time\" \/>\n\t<meta name=\"twitter:data1\" content=\"6 minutes\" \/>\n<script type=\"application\/ld+json\" class=\"yoast-schema-graph\">{\"@context\":\"https:\\\/\\\/schema.org\",\"@graph\":[{\"@type\":\"WebPage\",\"@id\":\"https:\\\/\\\/www.agriadvisor.co.uk\\\/cy\\\/prisiau\\\/profiant-gweinyddu-ystadau\\\/\",\"url\":\"https:\\\/\\\/www.agriadvisor.co.uk\\\/cy\\\/prisiau\\\/profiant-gweinyddu-ystadau\\\/\",\"name\":\"Profiant \\\/ Gweinyddu Ystadau - Agri Advisor\",\"isPartOf\":{\"@id\":\"https:\\\/\\\/www.agriadvisor.co.uk\\\/#website\"},\"datePublished\":\"2024-05-30T11:25:43+00:00\",\"dateModified\":\"2026-03-04T12:36:51+00:00\",\"breadcrumb\":{\"@id\":\"https:\\\/\\\/www.agriadvisor.co.uk\\\/cy\\\/prisiau\\\/profiant-gweinyddu-ystadau\\\/#breadcrumb\"},\"inLanguage\":\"cy-GB\",\"potentialAction\":[{\"@type\":\"ReadAction\",\"target\":[\"https:\\\/\\\/www.agriadvisor.co.uk\\\/cy\\\/prisiau\\\/profiant-gweinyddu-ystadau\\\/\"]}]},{\"@type\":\"BreadcrumbList\",\"@id\":\"https:\\\/\\\/www.agriadvisor.co.uk\\\/cy\\\/prisiau\\\/profiant-gweinyddu-ystadau\\\/#breadcrumb\",\"itemListElement\":[{\"@type\":\"ListItem\",\"position\":1,\"name\":\"Home\",\"item\":\"https:\\\/\\\/www.agriadvisor.co.uk\\\/cy\\\/\"},{\"@type\":\"ListItem\",\"position\":2,\"name\":\"Prisiau\",\"item\":\"https:\\\/\\\/www.agriadvisor.co.uk\\\/prisiau\\\/\"},{\"@type\":\"ListItem\",\"position\":3,\"name\":\"Profiant \\\/ Gweinyddu Ystadau\"}]},{\"@type\":\"WebSite\",\"@id\":\"https:\\\/\\\/www.agriadvisor.co.uk\\\/#website\",\"url\":\"https:\\\/\\\/www.agriadvisor.co.uk\\\/\",\"name\":\"Agri Advisor\",\"description\":\"A Specialist Rural Firm of Solicitors and Advisors\",\"inLanguage\":\"cy-GB\"}]}<\/script>\n<!-- \/ Yoast SEO plugin. -->","yoast_head_json":{"title":"Profiant \/ Gweinyddu Ystadau - Agri Advisor","robots":{"index":"index","follow":"follow","max-snippet":"max-snippet:-1","max-image-preview":"max-image-preview:large","max-video-preview":"max-video-preview:-1"},"canonical":"https:\/\/www.agriadvisor.co.uk\/cy\/prisiau\/profiant-gweinyddu-ystadau\/","og_locale":"cy_GB","og_type":"article","og_title":"Profiant \/ Gweinyddu Ystadau - Agri Advisor","og_description":"Profiant \/ Gweinyddu Ystadau &#8211; Canllaw Fioed i lawrlwytho Canllaw ffioedd profiant \/ Gweinyddu Ystadau Gall ein t\u00eem arbenigol yn Agri Advisor ymdrin \u00e2 phob agwedd ar y broses o...","og_url":"https:\/\/www.agriadvisor.co.uk\/cy\/prisiau\/profiant-gweinyddu-ystadau\/","og_site_name":"Agri Advisor","article_modified_time":"2026-03-04T12:36:51+00:00","twitter_card":"summary_large_image","twitter_misc":{"Est. reading time":"6 minutes"},"schema":{"@context":"https:\/\/schema.org","@graph":[{"@type":"WebPage","@id":"https:\/\/www.agriadvisor.co.uk\/cy\/prisiau\/profiant-gweinyddu-ystadau\/","url":"https:\/\/www.agriadvisor.co.uk\/cy\/prisiau\/profiant-gweinyddu-ystadau\/","name":"Profiant \/ Gweinyddu Ystadau - Agri Advisor","isPartOf":{"@id":"https:\/\/www.agriadvisor.co.uk\/#website"},"datePublished":"2024-05-30T11:25:43+00:00","dateModified":"2026-03-04T12:36:51+00:00","breadcrumb":{"@id":"https:\/\/www.agriadvisor.co.uk\/cy\/prisiau\/profiant-gweinyddu-ystadau\/#breadcrumb"},"inLanguage":"cy-GB","potentialAction":[{"@type":"ReadAction","target":["https:\/\/www.agriadvisor.co.uk\/cy\/prisiau\/profiant-gweinyddu-ystadau\/"]}]},{"@type":"BreadcrumbList","@id":"https:\/\/www.agriadvisor.co.uk\/cy\/prisiau\/profiant-gweinyddu-ystadau\/#breadcrumb","itemListElement":[{"@type":"ListItem","position":1,"name":"Home","item":"https:\/\/www.agriadvisor.co.uk\/cy\/"},{"@type":"ListItem","position":2,"name":"Prisiau","item":"https:\/\/www.agriadvisor.co.uk\/prisiau\/"},{"@type":"ListItem","position":3,"name":"Profiant \/ Gweinyddu Ystadau"}]},{"@type":"WebSite","@id":"https:\/\/www.agriadvisor.co.uk\/#website","url":"https:\/\/www.agriadvisor.co.uk\/","name":"Agri Advisor","description":"A Specialist Rural Firm of Solicitors and Advisors","inLanguage":"cy-GB"}]}},"_links":{"self":[{"href":"https:\/\/www.agriadvisor.co.uk\/cy\/wp-json\/wp\/v2\/pages\/16279","targetHints":{"allow":["GET"]}}],"collection":[{"href":"https:\/\/www.agriadvisor.co.uk\/cy\/wp-json\/wp\/v2\/pages"}],"about":[{"href":"https:\/\/www.agriadvisor.co.uk\/cy\/wp-json\/wp\/v2\/types\/page"}],"author":[{"embeddable":true,"href":"https:\/\/www.agriadvisor.co.uk\/cy\/wp-json\/wp\/v2\/users\/5"}],"replies":[{"embeddable":true,"href":"https:\/\/www.agriadvisor.co.uk\/cy\/wp-json\/wp\/v2\/comments?post=16279"}],"version-history":[{"count":5,"href":"https:\/\/www.agriadvisor.co.uk\/cy\/wp-json\/wp\/v2\/pages\/16279\/revisions"}],"predecessor-version":[{"id":19775,"href":"https:\/\/www.agriadvisor.co.uk\/cy\/wp-json\/wp\/v2\/pages\/16279\/revisions\/19775"}],"up":[{"embeddable":true,"href":"https:\/\/www.agriadvisor.co.uk\/cy\/wp-json\/wp\/v2\/pages\/16272"}],"wp:attachment":[{"href":"https:\/\/www.agriadvisor.co.uk\/cy\/wp-json\/wp\/v2\/media?parent=16279"}],"wp:term":[{"taxonomy":"pagetype","embeddable":true,"href":"https:\/\/www.agriadvisor.co.uk\/cy\/wp-json\/wp\/v2\/pagetype?post=16279"}],"curies":[{"name":"wp","href":"https:\/\/api.w.org\/{rel}","templated":true}]}}