{"id":18663,"date":"2025-07-03T10:20:06","date_gmt":"2025-07-03T09:20:06","guid":{"rendered":"https:\/\/www.agriadvisor.co.uk\/?page_id=18663"},"modified":"2025-07-03T10:20:06","modified_gmt":"2025-07-03T09:20:06","slug":"polisi-preifatrwydd","status":"publish","type":"page","link":"https:\/\/www.agriadvisor.co.uk\/cy\/help\/polisi-preifatrwydd\/","title":{"rendered":"Polisi Preifatrwydd"},"content":{"rendered":"<p>Mae ein Polisi Preifatrwydd yn dweud wrthych beth fydd yn digwydd i unrhyw ddata personol a roddwch i ni o ganlyniad i ddefnyddio&#8217;r wefan hon. Mae&#8217;r wybodaeth wedi&#8217;i chreu er budd ymwelwyr cyffredinol \u00e2&#8217;r wefan &#8211; os ydych yn gwsmer (neu&#8217;n dod yn un) rydym yn prosesu amrywiaeth ehangach o ddata personol ac yn ymdrin ag amrywiaeth ehangach o faterion sy&#8217;n gysylltiedig \u00e2 phreifatrwydd. Mae cwsmeriaid yn cael gwybodaeth fanwl am hyn yn ystod y broses ymgysylltu.<\/p>\n<h2>Data Personol<\/h2>\n<p>Mae eich preifatrwydd yn bwysig i ni. Drwy ddarparu gwybodaeth bersonol fel eich enw a\u2019ch cyfeiriad e-bost trwy\u2019r ffurflenni ar y wefan hon, rydych yn cytuno i ni gysylltu \u00e2 chi yngl\u0177n \u00e2\u2019r wybodaeth a ddarparwyd.<\/p>\n<p>Mae rhai ffurflenni ar ein gwefan hefyd yn cynnwys blwch ticio sy\u2019n gofyn am eich caniat\u00e2d i\u2019ch ychwanegu at ein rhestr bostio. Mae hon yn rhestr bostio ddewisol, a bydd eich gwybodaeth bersonol ond yn cael ei defnyddio ganom ni (ac mae pob e-bost o\u2019r fath yn cynnwys cysylltiad ar gyfer tynnu eich hun oddi ar y rhestr).<\/p>\n<p>&nbsp;<\/p>\n<h2>Sut Rydyn Ni\u2019n Defnyddio Eich Data Personol<\/h2>\n<p>Rydym yn defnyddio&#8217;r data a ddarperir gennych trwy&#8217;r wefan hon i:<\/p>\n<ul>\n<li>gyfathrebu \u00e2 chi, er enghraifft: rydyn ni&#8217;n defnyddio manylion cyswllt fel cyfeiriad e-bost neu rif ff\u00f4n wrth ymateb i ymholiadau a wnaed trwy ffurflenni ar-lein<\/li>\n<li>monitro tueddai\u2019r wefan, er enghraifft: rydyn ni&#8217;n defnyddio Google Analytics i&#8217;n helpu i gyfri ymholiadau fel y gallwn fonitro sut mae&#8217;r wefan yn cael ei defnyddio<\/li>\n<li>gweithredu ein busnes yn fwy effeithiol, er enghraifft: rydym yn gofyn am adborth ac yn ei ddefnyddio i helpu i wella ein gwasanaeth.<\/li>\n<\/ul>\n<p>&nbsp;<\/p>\n<h2>Ein &#8216;Rhesymau Cyfreithlon&#8217; ar gyfer Prosesu Eich Gwybodaeth Bersonol<\/h2>\n<p>Y &#8216;Rheoliad Diogelu Data Cyffredinol&#8217; (GDPR) yw\u2019r ddeddfwriaeth bennaf sy&#8217;n diffinio eich hawliau dros ein defnydd o&#8217;ch gwybodaeth bersonol. Mae&#8217;r GDPR yn gofyn i ni ddatgan pa un o chwe &#8216;rheswm cyfreithlon&#8217; yr ydym yn dibynnu arno wrth brosesu eich gwybodaeth bersonol: rydym yn gweithredu ar sail &#8216;cydsyniad&#8217; wrth anfon cylchlythyrau (ni fyddwch yn derbyn cylchlythyr oni bai eich bod wedi dewis yn glir derbyn un)\u2026 ac rydym yn gweithredu ar sail &#8216;diddordeb dilys&#8217; pan fyddwn yn cyfathrebu \u00e2 chi mewn ffyrdd eraill (e.e. wrth ymateb i&#8217;ch ymholiad).<\/p>\n<h2>Trosglwyddo Data Personol<\/h2>\n<p>Mae&#8217;n bosib y byddwn yn trosglwyddo data personol fel eich enw a&#8217;ch cyfeiriad e-bost i wasanaethau eraill a ddefnyddiwn i anfon cylchlythyron a chyfathrebiadau arall (yn electronig ac yn argraffedig). Fodd bynnag, ni fydd eich data personol byth yn cael ei werthu nac yn cael ei drosglwyddo i sefydliad y tu allan i&#8217;r DU nac yr UE.<\/p>\n<h2>Cwestiynau neu Gwynion<\/h2>\n<p>Yn y lle cyntaf, gobeithio y gwnewch gysylltu \u00e2 ni yn uniongyrchol gydag unrhyw gwestiynau neu gwynion (mae\u2019n fanylion cyswllt yn arddangos yn amlwg ar y wefan hon). Fodd bynnag, mae hawliau cyfreithiol yn ymwneud \u00e2 phreifatrwydd yn bwnc swyddfa&#8217;r Comisiynydd Gwybodaeth (ICO) a gallwch ddod o hyd i ragor o wybodaeth am sut i gwyno yma: https:\/\/ico.org.uk\/concerns\/<\/p>\n<h2>Ein Defnydd o Google Analytics<\/h2>\n<p>Rydym yn defnyddio Google Analytics i fonitro sut mae ein gwefan yn cael ei defnyddio er mwyn i ni wneud gwelliannau. Mae ein defnydd o Google Analytics yn gofyn i ni bacio eich cyfeiriad IP i Google (ond dim unrhyw wybodaeth arall) \u2013 mae Google yn defnyddio&#8217;r wybodaeth hon i baratoi adroddiadau defnyddio&#8217;r safle i ni, ond gall Google hefyd rannu&#8217;r wybodaeth hon gyda gwasanaethau eraill Google. Yn benodol, gall Google ddefnyddio&#8217;r data a gasglwyd i roi cyd-destun ac addasu&#8217;r hysbysebion o&#8217;i rwydwaith hysbysebu ei hun. Gwybodaeth gysylltiedig:<\/p>\n<ul>\n<li><a href=\"https:\/\/policies.google.com\/privacy\">Polisi preifatrwydd Google<\/a><\/li>\n<li><a href=\"https:\/\/policies.google.com\/technologies\/partner-sites\">Sut mae Google yn defnyddio&#8217;r wybodaeth hon<\/a><\/li>\n<\/ul>\n","protected":false},"excerpt":{"rendered":"<p>Mae ein Polisi Preifatrwydd yn dweud wrthych beth fydd yn digwydd i unrhyw ddata personol a roddwch i ni o ganlyniad i ddefnyddio&#8217;r wefan hon. Mae&#8217;r wybodaeth wedi&#8217;i chreu er&#8230;<\/p>\n","protected":false},"author":5,"featured_media":0,"parent":18323,"menu_order":100,"comment_status":"closed","ping_status":"closed","template":"","meta":{"_acf_changed":false,"footnotes":""},"pagetype":[],"class_list":["post-18663","page","type-page","status-publish","hentry"],"acf":[],"yoast_head":"<!-- This site is optimized with the Yoast SEO plugin v27.4 - https:\/\/yoast.com\/product\/yoast-seo-wordpress\/ -->\n<title>Polisi Preifatrwydd - Agri Advisor<\/title>\n<meta name=\"robots\" content=\"index, follow, max-snippet:-1, max-image-preview:large, max-video-preview:-1\" \/>\n<link rel=\"canonical\" href=\"https:\/\/www.agriadvisor.co.uk\/cy\/help\/polisi-preifatrwydd\/\" \/>\n<meta property=\"og:locale\" content=\"cy_GB\" \/>\n<meta property=\"og:type\" content=\"article\" \/>\n<meta property=\"og:title\" content=\"Polisi Preifatrwydd - Agri Advisor\" \/>\n<meta property=\"og:description\" content=\"Mae ein Polisi Preifatrwydd yn dweud wrthych beth fydd yn digwydd i unrhyw ddata personol a roddwch i ni o ganlyniad i ddefnyddio&#8217;r wefan hon. Mae&#8217;r wybodaeth wedi&#8217;i chreu er...\" \/>\n<meta property=\"og:url\" content=\"https:\/\/www.agriadvisor.co.uk\/cy\/help\/polisi-preifatrwydd\/\" \/>\n<meta property=\"og:site_name\" content=\"Agri Advisor\" \/>\n<meta name=\"twitter:card\" content=\"summary_large_image\" \/>\n<meta name=\"twitter:label1\" content=\"Est. reading time\" \/>\n\t<meta name=\"twitter:data1\" content=\"3 minutes\" \/>\n<script type=\"application\/ld+json\" class=\"yoast-schema-graph\">{\"@context\":\"https:\\\/\\\/schema.org\",\"@graph\":[{\"@type\":\"WebPage\",\"@id\":\"https:\\\/\\\/www.agriadvisor.co.uk\\\/cy\\\/help\\\/polisi-preifatrwydd\\\/\",\"url\":\"https:\\\/\\\/www.agriadvisor.co.uk\\\/cy\\\/help\\\/polisi-preifatrwydd\\\/\",\"name\":\"Polisi Preifatrwydd - Agri Advisor\",\"isPartOf\":{\"@id\":\"https:\\\/\\\/www.agriadvisor.co.uk\\\/#website\"},\"datePublished\":\"2025-07-03T09:20:06+00:00\",\"breadcrumb\":{\"@id\":\"https:\\\/\\\/www.agriadvisor.co.uk\\\/cy\\\/help\\\/polisi-preifatrwydd\\\/#breadcrumb\"},\"inLanguage\":\"cy-GB\",\"potentialAction\":[{\"@type\":\"ReadAction\",\"target\":[\"https:\\\/\\\/www.agriadvisor.co.uk\\\/cy\\\/help\\\/polisi-preifatrwydd\\\/\"]}]},{\"@type\":\"BreadcrumbList\",\"@id\":\"https:\\\/\\\/www.agriadvisor.co.uk\\\/cy\\\/help\\\/polisi-preifatrwydd\\\/#breadcrumb\",\"itemListElement\":[{\"@type\":\"ListItem\",\"position\":1,\"name\":\"Home\",\"item\":\"https:\\\/\\\/www.agriadvisor.co.uk\\\/cy\\\/\"},{\"@type\":\"ListItem\",\"position\":2,\"name\":\"Help\",\"item\":\"https:\\\/\\\/www.agriadvisor.co.uk\\\/cy\\\/help\\\/\"},{\"@type\":\"ListItem\",\"position\":3,\"name\":\"Polisi Preifatrwydd\"}]},{\"@type\":\"WebSite\",\"@id\":\"https:\\\/\\\/www.agriadvisor.co.uk\\\/#website\",\"url\":\"https:\\\/\\\/www.agriadvisor.co.uk\\\/\",\"name\":\"Agri Advisor\",\"description\":\"A Specialist Rural Firm of Solicitors and Advisors\",\"inLanguage\":\"cy-GB\"}]}<\/script>\n<!-- \/ Yoast SEO plugin. -->","yoast_head_json":{"title":"Polisi Preifatrwydd - Agri Advisor","robots":{"index":"index","follow":"follow","max-snippet":"max-snippet:-1","max-image-preview":"max-image-preview:large","max-video-preview":"max-video-preview:-1"},"canonical":"https:\/\/www.agriadvisor.co.uk\/cy\/help\/polisi-preifatrwydd\/","og_locale":"cy_GB","og_type":"article","og_title":"Polisi Preifatrwydd - Agri Advisor","og_description":"Mae ein Polisi Preifatrwydd yn dweud wrthych beth fydd yn digwydd i unrhyw ddata personol a roddwch i ni o ganlyniad i ddefnyddio&#8217;r wefan hon. Mae&#8217;r wybodaeth wedi&#8217;i chreu er...","og_url":"https:\/\/www.agriadvisor.co.uk\/cy\/help\/polisi-preifatrwydd\/","og_site_name":"Agri Advisor","twitter_card":"summary_large_image","twitter_misc":{"Est. reading time":"3 minutes"},"schema":{"@context":"https:\/\/schema.org","@graph":[{"@type":"WebPage","@id":"https:\/\/www.agriadvisor.co.uk\/cy\/help\/polisi-preifatrwydd\/","url":"https:\/\/www.agriadvisor.co.uk\/cy\/help\/polisi-preifatrwydd\/","name":"Polisi Preifatrwydd - Agri Advisor","isPartOf":{"@id":"https:\/\/www.agriadvisor.co.uk\/#website"},"datePublished":"2025-07-03T09:20:06+00:00","breadcrumb":{"@id":"https:\/\/www.agriadvisor.co.uk\/cy\/help\/polisi-preifatrwydd\/#breadcrumb"},"inLanguage":"cy-GB","potentialAction":[{"@type":"ReadAction","target":["https:\/\/www.agriadvisor.co.uk\/cy\/help\/polisi-preifatrwydd\/"]}]},{"@type":"BreadcrumbList","@id":"https:\/\/www.agriadvisor.co.uk\/cy\/help\/polisi-preifatrwydd\/#breadcrumb","itemListElement":[{"@type":"ListItem","position":1,"name":"Home","item":"https:\/\/www.agriadvisor.co.uk\/cy\/"},{"@type":"ListItem","position":2,"name":"Help","item":"https:\/\/www.agriadvisor.co.uk\/cy\/help\/"},{"@type":"ListItem","position":3,"name":"Polisi Preifatrwydd"}]},{"@type":"WebSite","@id":"https:\/\/www.agriadvisor.co.uk\/#website","url":"https:\/\/www.agriadvisor.co.uk\/","name":"Agri Advisor","description":"A Specialist Rural Firm of Solicitors and Advisors","inLanguage":"cy-GB"}]}},"_links":{"self":[{"href":"https:\/\/www.agriadvisor.co.uk\/cy\/wp-json\/wp\/v2\/pages\/18663","targetHints":{"allow":["GET"]}}],"collection":[{"href":"https:\/\/www.agriadvisor.co.uk\/cy\/wp-json\/wp\/v2\/pages"}],"about":[{"href":"https:\/\/www.agriadvisor.co.uk\/cy\/wp-json\/wp\/v2\/types\/page"}],"author":[{"embeddable":true,"href":"https:\/\/www.agriadvisor.co.uk\/cy\/wp-json\/wp\/v2\/users\/5"}],"replies":[{"embeddable":true,"href":"https:\/\/www.agriadvisor.co.uk\/cy\/wp-json\/wp\/v2\/comments?post=18663"}],"version-history":[{"count":1,"href":"https:\/\/www.agriadvisor.co.uk\/cy\/wp-json\/wp\/v2\/pages\/18663\/revisions"}],"predecessor-version":[{"id":18664,"href":"https:\/\/www.agriadvisor.co.uk\/cy\/wp-json\/wp\/v2\/pages\/18663\/revisions\/18664"}],"up":[{"embeddable":true,"href":"https:\/\/www.agriadvisor.co.uk\/cy\/wp-json\/wp\/v2\/pages\/18323"}],"wp:attachment":[{"href":"https:\/\/www.agriadvisor.co.uk\/cy\/wp-json\/wp\/v2\/media?parent=18663"}],"wp:term":[{"taxonomy":"pagetype","embeddable":true,"href":"https:\/\/www.agriadvisor.co.uk\/cy\/wp-json\/wp\/v2\/pagetype?post=18663"}],"curies":[{"name":"wp","href":"https:\/\/api.w.org\/{rel}","templated":true}]}}