{"id":19878,"date":"2026-03-16T16:18:22","date_gmt":"2026-03-16T16:18:22","guid":{"rendered":"https:\/\/www.agriadvisor.co.uk\/?page_id=19878"},"modified":"2026-04-20T14:13:30","modified_gmt":"2026-04-20T13:13:30","slug":"ymgynghorydd-cwsmer-swyddfa-machynlleth","status":"publish","type":"page","link":"https:\/\/www.agriadvisor.co.uk\/cy\/gyrfaoedd\/ymgynghorydd-cwsmer-swyddfa-machynlleth\/","title":{"rendered":"Ymgynghorydd Cwsmer &#8211; Swyddfa Machynlleth"},"content":{"rendered":"<p><strong>Lleoliad<\/strong>: Machynlleth<\/p>\n<p><strong>Oriau<\/strong>: 9\u20131 neu 9\u20135 (Rhannol amser \/ Amser llawn \/ Rhannu swydd)<\/p>\n<p>Mae Agri Advisor yn chwilio am <strong>unigolyn gweithgar a brwdfrydig<\/strong> i ymuno \u00e2 th\u00eem Cymdeithas Adeiladu Principality ym Machynlleth. Mae hwn yn r\u00f4l amrywiol sy&#8217;n addas i rywun sy&#8217;n <strong>ddibynadwy, proffesiynol<\/strong>, ac yn ymrwymedig i ddarparu lefel eithriadol o wasanaeth i\u2019r cwsmer.<\/p>\n<p><strong>Prif Gyfrifoldebau<\/strong><\/p>\n<ul>\n<li>Darparu gwasanaeth cynnes, effeithlon a phroffesiynol i&#8217;r holl gwsmeriaid.<\/li>\n<li>Cynorthwyo aelodau gyda&#8217;u hymholiadau ar gynilion, cwestiynau morgais, a thrafodion bob dydd.<\/li>\n<li>Cynnal safonau uchel o fanylder a manwl gywirdeb.<\/li>\n<li>Cefnogi gweithrediadau&#8217;r gangen a chyfrannu at amgylchedd gwaith cadarnhaol sydd yn canolbwyntio ar waith t\u00eem.<\/li>\n<\/ul>\n<p><strong>Cyfrifoldebau Ychwanegol<\/strong><\/p>\n<p>Bydd ymgeiswyr yn cefnogi Agri Advisor fel <strong>Cynorthwyydd Gweinyddu<\/strong>, gan ymgymryd \u00e2:<\/p>\n<ul>\n<li>Dyletswyddau gweinyddol cyffredinol<\/li>\n<li>Pharatoi ac archebu dogfennau<\/li>\n<li>Mewnbynnu data a chynnal cofnodion<\/li>\n<li>Chefnogaeth i&#8217;r t\u00eem cynghori ehangach fel y bo angen<\/li>\n<\/ul>\n<p><strong>Beth Rydyn Ni&#8217;n Edrych Amdano<\/strong><\/p>\n<ul>\n<li>Unigolyn <strong>gweithgar<\/strong>, brwdfrydig, a hyblyg<\/li>\n<li>Sgiliau rhagorol mewn cyfathrebu a gwasanaeth cwsmeriaid<\/li>\n<li>Y gallu i drefnu a rhoi sylw manwl i\u2019w gwaith<\/li>\n<li>Agwedd gadarnhaol tuag at waith t\u00eem a datrys problemau<\/li>\n<li>Y gallu i reoli llwyth gwaith amrywiol ar draws dwy r\u00f4l (yn y swydd llawn amser)<\/li>\n<\/ul>\n<p><strong>Oriau Gwaith<\/strong><\/p>\n<ul>\n<li><strong>Rhan-amser<\/strong>: 9.00yb \u2013 1.00yp<\/li>\n<li><strong>Amser llawn<\/strong>: 9.00yb \u2013 5.00yp<\/li>\n<li><strong>Rhannu swydd<\/strong>: I&#8217;w ystyried<\/li>\n<\/ul>\n<p><strong>Buddion wedi&#8217;u cynnwys yn y r\u00f4l<\/strong><\/p>\n<p>Rydym yn falch o gynnig pecyn buddion cynhwysfawr i bob aelod o&#8217;n t\u00eem. Fel cwmni sy&#8217;n ymrwymedig i gefnogi ein pobl, rydym yn darparu amrywiaeth o fuddion a gynlluniwyd i hybu lles, annog twf proffesiynol a sicrhau cydbwysedd cadarnhaol rhwng gwaith a bywyd. Ein nod yw creu amgylchedd lle mae pob cydweithiwr yn teimlo ei fod wedi&#8217;i werthfawrogi, ei gefnogi ac yn barod i ffynnu fel rhan o&#8217;n t\u00eem arloesol, deinamig a blaenllaw yn y sector.<\/p>\n<p><strong>Cyflog: <\/strong>Mae Agri Advisor yn gyflogwr sy&#8217;n talu&#8217;r Cyflog Byw Go Iawn.<\/p>\n<p><strong>Sylwch y bydd angen gwiriad credyd ar gyfer y swydd hon.<\/strong><\/p>\n<p>Am drafodaeth anffurfiol yngl\u0177n \u00e2&#8217;r r\u00f4l, cysylltwch \u00e2 Sh\u00e2n Davies \u2013 Rheolwr Adnoddau ar 01558 650381.<\/p>\n<p>I wneud cais am y swydd uchod, anfonwch CV a Llythyr Eglurhaol at <a href=\"mailto:hr@agriadvisor.co.uk\">hr@agriadvisor.co.uk<\/a>.<\/p>\n<p>Y dyddiad cau yw&#8217;r 5ed o Fai 2026 am 12 canol dydd.<\/p>\n","protected":false},"excerpt":{"rendered":"<p>Lleoliad: Machynlleth Oriau: 9\u20131 neu 9\u20135 (Rhannol amser \/ Amser llawn \/ Rhannu swydd) Mae Agri Advisor yn chwilio am unigolyn gweithgar a brwdfrydig i ymuno \u00e2 th\u00eem Cymdeithas Adeiladu&#8230;<\/p>\n","protected":false},"author":5,"featured_media":0,"parent":18380,"menu_order":9,"comment_status":"closed","ping_status":"closed","template":"","meta":{"_acf_changed":false,"footnotes":""},"pagetype":[],"class_list":["post-19878","page","type-page","status-publish","hentry"],"acf":[],"yoast_head":"<!-- This site is optimized with the Yoast SEO plugin v27.4 - https:\/\/yoast.com\/product\/yoast-seo-wordpress\/ -->\n<title>Ymgynghorydd Cwsmer - Swyddfa Machynlleth - Agri Advisor<\/title>\n<meta name=\"robots\" content=\"index, follow, max-snippet:-1, max-image-preview:large, max-video-preview:-1\" \/>\n<link rel=\"canonical\" href=\"https:\/\/www.agriadvisor.co.uk\/cy\/gyrfaoedd\/ymgynghorydd-cwsmer-swyddfa-machynlleth\/\" \/>\n<meta property=\"og:locale\" content=\"cy_GB\" \/>\n<meta property=\"og:type\" content=\"article\" \/>\n<meta property=\"og:title\" content=\"Ymgynghorydd Cwsmer - Swyddfa Machynlleth - Agri Advisor\" \/>\n<meta property=\"og:description\" content=\"Lleoliad: Machynlleth Oriau: 9\u20131 neu 9\u20135 (Rhannol amser \/ Amser llawn \/ Rhannu swydd) Mae Agri Advisor yn chwilio am unigolyn gweithgar a brwdfrydig i ymuno \u00e2 th\u00eem Cymdeithas Adeiladu...\" \/>\n<meta property=\"og:url\" content=\"https:\/\/www.agriadvisor.co.uk\/cy\/gyrfaoedd\/ymgynghorydd-cwsmer-swyddfa-machynlleth\/\" \/>\n<meta property=\"og:site_name\" content=\"Agri Advisor\" \/>\n<meta property=\"article:modified_time\" content=\"2026-04-20T13:13:30+00:00\" \/>\n<meta name=\"twitter:card\" content=\"summary_large_image\" \/>\n<meta name=\"twitter:label1\" content=\"Est. reading time\" \/>\n\t<meta name=\"twitter:data1\" content=\"2 minutes\" \/>\n<script type=\"application\/ld+json\" class=\"yoast-schema-graph\">{\"@context\":\"https:\\\/\\\/schema.org\",\"@graph\":[{\"@type\":\"WebPage\",\"@id\":\"https:\\\/\\\/www.agriadvisor.co.uk\\\/cy\\\/gyrfaoedd\\\/ymgynghorydd-cwsmer-swyddfa-machynlleth\\\/\",\"url\":\"https:\\\/\\\/www.agriadvisor.co.uk\\\/cy\\\/gyrfaoedd\\\/ymgynghorydd-cwsmer-swyddfa-machynlleth\\\/\",\"name\":\"Ymgynghorydd Cwsmer - Swyddfa Machynlleth - Agri Advisor\",\"isPartOf\":{\"@id\":\"https:\\\/\\\/www.agriadvisor.co.uk\\\/#website\"},\"datePublished\":\"2026-03-16T16:18:22+00:00\",\"dateModified\":\"2026-04-20T13:13:30+00:00\",\"breadcrumb\":{\"@id\":\"https:\\\/\\\/www.agriadvisor.co.uk\\\/cy\\\/gyrfaoedd\\\/ymgynghorydd-cwsmer-swyddfa-machynlleth\\\/#breadcrumb\"},\"inLanguage\":\"cy-GB\",\"potentialAction\":[{\"@type\":\"ReadAction\",\"target\":[\"https:\\\/\\\/www.agriadvisor.co.uk\\\/cy\\\/gyrfaoedd\\\/ymgynghorydd-cwsmer-swyddfa-machynlleth\\\/\"]}]},{\"@type\":\"BreadcrumbList\",\"@id\":\"https:\\\/\\\/www.agriadvisor.co.uk\\\/cy\\\/gyrfaoedd\\\/ymgynghorydd-cwsmer-swyddfa-machynlleth\\\/#breadcrumb\",\"itemListElement\":[{\"@type\":\"ListItem\",\"position\":1,\"name\":\"Home\",\"item\":\"https:\\\/\\\/www.agriadvisor.co.uk\\\/cy\\\/\"},{\"@type\":\"ListItem\",\"position\":2,\"name\":\"Gyrfaoedd\",\"item\":\"https:\\\/\\\/www.agriadvisor.co.uk\\\/cy\\\/gyrfaoedd\\\/\"},{\"@type\":\"ListItem\",\"position\":3,\"name\":\"Ymgynghorydd Cwsmer &#8211; Swyddfa Machynlleth\"}]},{\"@type\":\"WebSite\",\"@id\":\"https:\\\/\\\/www.agriadvisor.co.uk\\\/#website\",\"url\":\"https:\\\/\\\/www.agriadvisor.co.uk\\\/\",\"name\":\"Agri Advisor\",\"description\":\"A Specialist Rural Firm of Solicitors and Advisors\",\"inLanguage\":\"cy-GB\"}]}<\/script>\n<!-- \/ Yoast SEO plugin. -->","yoast_head_json":{"title":"Ymgynghorydd Cwsmer - Swyddfa Machynlleth - Agri Advisor","robots":{"index":"index","follow":"follow","max-snippet":"max-snippet:-1","max-image-preview":"max-image-preview:large","max-video-preview":"max-video-preview:-1"},"canonical":"https:\/\/www.agriadvisor.co.uk\/cy\/gyrfaoedd\/ymgynghorydd-cwsmer-swyddfa-machynlleth\/","og_locale":"cy_GB","og_type":"article","og_title":"Ymgynghorydd Cwsmer - Swyddfa Machynlleth - Agri Advisor","og_description":"Lleoliad: Machynlleth Oriau: 9\u20131 neu 9\u20135 (Rhannol amser \/ Amser llawn \/ Rhannu swydd) Mae Agri Advisor yn chwilio am unigolyn gweithgar a brwdfrydig i ymuno \u00e2 th\u00eem Cymdeithas Adeiladu...","og_url":"https:\/\/www.agriadvisor.co.uk\/cy\/gyrfaoedd\/ymgynghorydd-cwsmer-swyddfa-machynlleth\/","og_site_name":"Agri Advisor","article_modified_time":"2026-04-20T13:13:30+00:00","twitter_card":"summary_large_image","twitter_misc":{"Est. reading time":"2 minutes"},"schema":{"@context":"https:\/\/schema.org","@graph":[{"@type":"WebPage","@id":"https:\/\/www.agriadvisor.co.uk\/cy\/gyrfaoedd\/ymgynghorydd-cwsmer-swyddfa-machynlleth\/","url":"https:\/\/www.agriadvisor.co.uk\/cy\/gyrfaoedd\/ymgynghorydd-cwsmer-swyddfa-machynlleth\/","name":"Ymgynghorydd Cwsmer - Swyddfa Machynlleth - Agri Advisor","isPartOf":{"@id":"https:\/\/www.agriadvisor.co.uk\/#website"},"datePublished":"2026-03-16T16:18:22+00:00","dateModified":"2026-04-20T13:13:30+00:00","breadcrumb":{"@id":"https:\/\/www.agriadvisor.co.uk\/cy\/gyrfaoedd\/ymgynghorydd-cwsmer-swyddfa-machynlleth\/#breadcrumb"},"inLanguage":"cy-GB","potentialAction":[{"@type":"ReadAction","target":["https:\/\/www.agriadvisor.co.uk\/cy\/gyrfaoedd\/ymgynghorydd-cwsmer-swyddfa-machynlleth\/"]}]},{"@type":"BreadcrumbList","@id":"https:\/\/www.agriadvisor.co.uk\/cy\/gyrfaoedd\/ymgynghorydd-cwsmer-swyddfa-machynlleth\/#breadcrumb","itemListElement":[{"@type":"ListItem","position":1,"name":"Home","item":"https:\/\/www.agriadvisor.co.uk\/cy\/"},{"@type":"ListItem","position":2,"name":"Gyrfaoedd","item":"https:\/\/www.agriadvisor.co.uk\/cy\/gyrfaoedd\/"},{"@type":"ListItem","position":3,"name":"Ymgynghorydd Cwsmer &#8211; Swyddfa Machynlleth"}]},{"@type":"WebSite","@id":"https:\/\/www.agriadvisor.co.uk\/#website","url":"https:\/\/www.agriadvisor.co.uk\/","name":"Agri Advisor","description":"A Specialist Rural Firm of Solicitors and Advisors","inLanguage":"cy-GB"}]}},"_links":{"self":[{"href":"https:\/\/www.agriadvisor.co.uk\/cy\/wp-json\/wp\/v2\/pages\/19878","targetHints":{"allow":["GET"]}}],"collection":[{"href":"https:\/\/www.agriadvisor.co.uk\/cy\/wp-json\/wp\/v2\/pages"}],"about":[{"href":"https:\/\/www.agriadvisor.co.uk\/cy\/wp-json\/wp\/v2\/types\/page"}],"author":[{"embeddable":true,"href":"https:\/\/www.agriadvisor.co.uk\/cy\/wp-json\/wp\/v2\/users\/5"}],"replies":[{"embeddable":true,"href":"https:\/\/www.agriadvisor.co.uk\/cy\/wp-json\/wp\/v2\/comments?post=19878"}],"version-history":[{"count":5,"href":"https:\/\/www.agriadvisor.co.uk\/cy\/wp-json\/wp\/v2\/pages\/19878\/revisions"}],"predecessor-version":[{"id":20066,"href":"https:\/\/www.agriadvisor.co.uk\/cy\/wp-json\/wp\/v2\/pages\/19878\/revisions\/20066"}],"up":[{"embeddable":true,"href":"https:\/\/www.agriadvisor.co.uk\/cy\/wp-json\/wp\/v2\/pages\/18380"}],"wp:attachment":[{"href":"https:\/\/www.agriadvisor.co.uk\/cy\/wp-json\/wp\/v2\/media?parent=19878"}],"wp:term":[{"taxonomy":"pagetype","embeddable":true,"href":"https:\/\/www.agriadvisor.co.uk\/cy\/wp-json\/wp\/v2\/pagetype?post=19878"}],"curies":[{"name":"wp","href":"https:\/\/api.w.org\/{rel}","templated":true}]}}