{"id":19954,"date":"2026-04-02T16:35:53","date_gmt":"2026-04-02T15:35:53","guid":{"rendered":"https:\/\/www.agriadvisor.co.uk\/?page_id=19954"},"modified":"2026-04-02T16:38:53","modified_gmt":"2026-04-02T15:38:53","slug":"rheolwr-cyllid","status":"publish","type":"page","link":"https:\/\/www.agriadvisor.co.uk\/cy\/gyrfaoedd\/rheolwr-cyllid\/","title":{"rendered":"Rheolwr Cyllid"},"content":{"rendered":"<p>Rydym yn chwilio am <strong>Reolwr Ariannol<\/strong> profiadol, ymarferol i yrru perfformiad ariannol, cefnogi cynllunio strategol, a sicrhau twf masnachol parhaus y cwmni.<\/p>\n<p>Fel aelod uwch o\u2019r t\u00eem arweinyddiaeth Gwasanaethau Busnes, bydd y Rheolwr Ariannol yn darparu goruchwyliaeth strategol ac arweinyddiaeth ymarferol ar draws pob swyddogaeth ariannol a gweithredol. Byddwch yn sicrhau cywirdeb ariannol y cwmni, cadw rheolaeth gadarn ac yn galluogi cydweithwyr i ddarparu gwasanaeth rhagorol i&#8217;n cleientiaid.<\/p>\n<p>Mae&#8217;r r\u00f4l yn gofyn am arweinydd gweithredol, blaengar, sy\u2019n hyrwyddo cywirdeb, atebolrwydd, a gwelliant parhaus ar draws y t\u00eem a&#8217;r cwmni ehangach.<\/p>\n<p><strong>Teitl swydd:<\/strong> Rheolwr Cyllid<\/p>\n<p><strong>Yn adrodd i:<\/strong> Pennaeth Gwasanaethau Busnes<\/p>\n<p>Rheolwr llinell i Cynorthwy-ydd Cyfrifon, Cynorthwy-ydd Gweithrediadau, Cydlynydd Perfformiad, Cynorthwy-ydd Rheoli Credyd ac unrhyw aelodau o&#8217;r t\u00eem Cyllid.<\/p>\n<p><strong>Nodweddion allweddol:<\/strong><\/p>\n<ul>\n<li>Profiad mewn bancio ac\/neu gyfrifeg, yn ddelfrydol gyda chymwysterau cyfrifeg.<\/li>\n<li>Sylw manwl at fanylion, gyda dealltwriaeth gref o gyfriflyfrau chyfrifon swyddfa a chleient a llyfrau enwol.<\/li>\n<li>Profiad amlwg mewn arwain a rheoli pobl yn effeithiol.<\/li>\n<\/ul>\n<p><strong>Dyletswyddau i gynnwys:<\/strong><\/p>\n<ul>\n<li>Sicrhau bod adnoddau a chefnogaeth ar gael ar draws y Cwmni i alluogi cydweithwyr i ddarparu gwasanaeth o ansawdd uchel i gwsmeriaid ac ymwelwyr ar bob adeg, mewn amgylchiadau swyddfa dda, ddiogel a chroesawgar.<\/li>\n<li>Sicrhau bod effeithlonrwydd busnes yn cael ei optimeiddio drwy adolygiad parhaus o&#8217;r gwasanaethau a ddefnyddir ar draws y cwmni, gan sicrhau bod bras-brynu\u2019n cael ei optimeiddio lle bynnag y bo&#8217;n bosibl.<\/li>\n<li>Sicrhau cydymffurfiaeth ariannol \u00e2 gofynion SRA ac HMRC.<\/li>\n<li>Rheoli a sicrhau cydymffurfiaeth \u00e2 KPIs perfformiad y cwmni a goruchwylio cydymffurfiaeth \u00e2 KPIs perfformiad t\u00eem.<\/li>\n<li>Sicrhau bod diogelwch corfforol a thechnolegol ar draws y busnes y gorau posibl.<\/li>\n<li>Cynnal cyfarfodydd adolygu misol gydag aelodau&#8217;r Timoedd a&#8217;r Arweinwyr T\u00eem i asesu cynnydd.<\/li>\n<li>Sicrhau bod Cynllun Gwaith y T\u00eem Ariannol yn cael ei weithredu&#8217;n gyson, gydag adolygiadau cynnydd misol mewn cyfarfodydd Bwrdd Rheoli.<\/li>\n<li>Dod o hyd i systemau TG gost-effeithiol a&#8217;u defnyddio&#8217;n effeithiol ar draws y cwmni i&#8217;r capasiti uchaf.<\/li>\n<li>Bod pob cais gan gydweithwyr am adnoddau yn cael ei drin yn brydlon.<\/li>\n<li>Cynnal Asesiadau Blynyddol gydag aelodau&#8217;r T\u00eem \u2013 gyda chefnogaeth yr adran Adnoddau Dynol.<\/li>\n<li>Sicrhau bod adnoddau ar gael yn fewnol i roi gwasanaeth dwyieithog i gwsmeriaid ac argyfer cyfathrebu allanol.<\/li>\n<li>Adeiladu a chynnal cysylltiadau gyda sefydliadau i alluogi aelodaeth o baneli \/mynediad i waith mewn meysydd arbenigol.<\/li>\n<li>Cyfrifoldeb effeithiol am benderfyniadau dydd i ddydd mewn perthynas \u00e2\u2019r Adrannau Cyfrifon a Gweithrediadau ar draws y busnes.<\/li>\n<li>Bod yn arweinydd cadarnhaol i eraill o fewn y busnes a darparu cefnogaeth ar gyfer cadw a recriwtio staff.<\/li>\n<li>Bod yn arloesol ac yn flaengar i sicrhau bod y busnes yn parhau i groesawu newid.<\/li>\n<\/ul>\n<p><strong>Cyfrifoldebau\u2019r Rheolwr Cyllid:<\/strong><\/p>\n<ul>\n<li>Cadarnhau trafodion banc<\/li>\n<li>Sefydlu trafodion banc i ddarparu gwarant lle bo&#8217;n angenrheidiol.<\/li>\n<li>Delio \u00e2 chwestiynau mewn perthynas \u00e2 phostiadau cyfrifon a datrys problemau.<\/li>\n<li>Yn delio \u00e2 chwestiynau dydd-i-ddydd gan aelodau&#8217;r t\u00eem ar faterion ariannol.<\/li>\n<li>Yn cyflwyno Adroddiadau Ariannol i&#8217;r Bwrdd Rheoli bob mis ac i&#8217;r EB bob chwarter.<\/li>\n<li>Adolygu cysoniadau misol a ddarperir gan arianwyr a sicrhau bod unrhyw bryderon yn cael eu datrys.<\/li>\n<li>Paratoi cyllideb ariannol flynyddol ar gyfer cymeradwyaeth EB.<\/li>\n<li>Rheoli cyllidebau ariannol cyffredinol yn ystod y flwyddyn gan gynnwys rheoli llif arian<\/li>\n<li>Adolygu ystadegau ariannol a ddarperir gan ein pecyn cyfrifeg yn fisol, monitro cofnodion enwol a gwneud argymhellion i&#8217;r EB yn ymwneud ag Elw a Cholled a\u2019r Fantolen ac i&#8217;r Bwrdd Gweithredol yn ymwneud \u00e2 pherfformiad ariannol y timau.<\/li>\n<li>Sicrhau cydymffurfiaeth \u00e2 PAYE, TAW a chydweithio \u00e2 HMRC lle bo angen.<\/li>\n<li>Cyfrifoldeb am Reoli Credyd ar draws y cwmni.<\/li>\n<li>Cydweithio \u00e2&#8217;r banc ac yn brif gyswllt iddo.<\/li>\n<li>Sicrhau bod Credydwyr yn cael eu talu&#8217;n brydlon.<\/li>\n<\/ul>\n<p><strong>Swyddog Cydymffurfio ar gyfer Cyfrifoldebau Ariannol a Gweinyddiaeth (COFA):<\/strong><\/p>\n<ul>\n<li>Sicrhau fod y cwmni a\u2019i reolwyr a gweithwyr yn cydymffurfio ag unrhyw rwymedigaethau a osodir arnynt o dan Reolau Cyfrifon Cyfreithwyr;<\/li>\n<li>Sicrhau bod adroddiadau\u2019n cael eu danfon i\u2019r SRA yn brydlon.<\/li>\n<\/ul>\n<p>Yn ogystal \u00e2&#8217;ch prif ddyletswyddau, efallai y bydd angen i chi gyflawni dyletswyddau ychwanegol neu wahanol, sydd, o bryd i&#8217;w gilydd, yn cael eu hystyried yn angenrheidiol, ac yn gyson \u00e2&#8217;ch r\u00f4l yn y cwmni ac i gefnogi aelodau eraill o&#8217;r T\u00eem Gwasanaethau Busnes.<\/p>\n<p>I wneud cais am y swydd uchod, anfonwch CV a Llythyr Eglurhaol i <a href=\"mailto:hr@agriadvisor.co.uk\">hr@agriadvisor.co.uk<\/a>.<\/p>\n<p>Y dyddiad cau yw&#8217;r 17eg o Ebrill 2026 am 12 y prynhawn.<\/p>\n","protected":false},"excerpt":{"rendered":"<p>Rydym yn chwilio am Reolwr Ariannol profiadol, ymarferol i yrru perfformiad ariannol, cefnogi cynllunio strategol, a sicrhau twf masnachol parhaus y cwmni. Fel aelod uwch o\u2019r t\u00eem arweinyddiaeth Gwasanaethau Busnes,&#8230;<\/p>\n","protected":false},"author":5,"featured_media":0,"parent":18380,"menu_order":1,"comment_status":"closed","ping_status":"closed","template":"","meta":{"_acf_changed":false,"footnotes":""},"pagetype":[],"class_list":["post-19954","page","type-page","status-publish","hentry"],"acf":[],"yoast_head":"<!-- This site is optimized with the Yoast SEO plugin v27.4 - https:\/\/yoast.com\/product\/yoast-seo-wordpress\/ -->\n<title>Rheolwr Cyllid - Agri Advisor<\/title>\n<meta name=\"robots\" content=\"index, follow, max-snippet:-1, max-image-preview:large, max-video-preview:-1\" \/>\n<link rel=\"canonical\" href=\"https:\/\/www.agriadvisor.co.uk\/cy\/gyrfaoedd\/rheolwr-cyllid\/\" \/>\n<meta property=\"og:locale\" content=\"cy_GB\" \/>\n<meta property=\"og:type\" content=\"article\" \/>\n<meta property=\"og:title\" content=\"Rheolwr Cyllid - Agri Advisor\" \/>\n<meta property=\"og:description\" content=\"Rydym yn chwilio am Reolwr Ariannol profiadol, ymarferol i yrru perfformiad ariannol, cefnogi cynllunio strategol, a sicrhau twf masnachol parhaus y cwmni. Fel aelod uwch o\u2019r t\u00eem arweinyddiaeth Gwasanaethau Busnes,...\" \/>\n<meta property=\"og:url\" content=\"https:\/\/www.agriadvisor.co.uk\/cy\/gyrfaoedd\/rheolwr-cyllid\/\" \/>\n<meta property=\"og:site_name\" content=\"Agri Advisor\" \/>\n<meta property=\"article:modified_time\" content=\"2026-04-02T15:38:53+00:00\" \/>\n<meta name=\"twitter:card\" content=\"summary_large_image\" \/>\n<meta name=\"twitter:label1\" content=\"Est. reading time\" \/>\n\t<meta name=\"twitter:data1\" content=\"4 minutes\" \/>\n<script type=\"application\/ld+json\" class=\"yoast-schema-graph\">{\"@context\":\"https:\\\/\\\/schema.org\",\"@graph\":[{\"@type\":\"WebPage\",\"@id\":\"https:\\\/\\\/www.agriadvisor.co.uk\\\/cy\\\/gyrfaoedd\\\/rheolwr-cyllid\\\/\",\"url\":\"https:\\\/\\\/www.agriadvisor.co.uk\\\/cy\\\/gyrfaoedd\\\/rheolwr-cyllid\\\/\",\"name\":\"Rheolwr Cyllid - Agri Advisor\",\"isPartOf\":{\"@id\":\"https:\\\/\\\/www.agriadvisor.co.uk\\\/#website\"},\"datePublished\":\"2026-04-02T15:35:53+00:00\",\"dateModified\":\"2026-04-02T15:38:53+00:00\",\"breadcrumb\":{\"@id\":\"https:\\\/\\\/www.agriadvisor.co.uk\\\/cy\\\/gyrfaoedd\\\/rheolwr-cyllid\\\/#breadcrumb\"},\"inLanguage\":\"cy-GB\",\"potentialAction\":[{\"@type\":\"ReadAction\",\"target\":[\"https:\\\/\\\/www.agriadvisor.co.uk\\\/cy\\\/gyrfaoedd\\\/rheolwr-cyllid\\\/\"]}]},{\"@type\":\"BreadcrumbList\",\"@id\":\"https:\\\/\\\/www.agriadvisor.co.uk\\\/cy\\\/gyrfaoedd\\\/rheolwr-cyllid\\\/#breadcrumb\",\"itemListElement\":[{\"@type\":\"ListItem\",\"position\":1,\"name\":\"Home\",\"item\":\"https:\\\/\\\/www.agriadvisor.co.uk\\\/cy\\\/\"},{\"@type\":\"ListItem\",\"position\":2,\"name\":\"Gyrfaoedd\",\"item\":\"https:\\\/\\\/www.agriadvisor.co.uk\\\/cy\\\/gyrfaoedd\\\/\"},{\"@type\":\"ListItem\",\"position\":3,\"name\":\"Rheolwr Cyllid\"}]},{\"@type\":\"WebSite\",\"@id\":\"https:\\\/\\\/www.agriadvisor.co.uk\\\/#website\",\"url\":\"https:\\\/\\\/www.agriadvisor.co.uk\\\/\",\"name\":\"Agri Advisor\",\"description\":\"A Specialist Rural Firm of Solicitors and Advisors\",\"inLanguage\":\"cy-GB\"}]}<\/script>\n<!-- \/ Yoast SEO plugin. -->","yoast_head_json":{"title":"Rheolwr Cyllid - Agri Advisor","robots":{"index":"index","follow":"follow","max-snippet":"max-snippet:-1","max-image-preview":"max-image-preview:large","max-video-preview":"max-video-preview:-1"},"canonical":"https:\/\/www.agriadvisor.co.uk\/cy\/gyrfaoedd\/rheolwr-cyllid\/","og_locale":"cy_GB","og_type":"article","og_title":"Rheolwr Cyllid - Agri Advisor","og_description":"Rydym yn chwilio am Reolwr Ariannol profiadol, ymarferol i yrru perfformiad ariannol, cefnogi cynllunio strategol, a sicrhau twf masnachol parhaus y cwmni. Fel aelod uwch o\u2019r t\u00eem arweinyddiaeth Gwasanaethau Busnes,...","og_url":"https:\/\/www.agriadvisor.co.uk\/cy\/gyrfaoedd\/rheolwr-cyllid\/","og_site_name":"Agri Advisor","article_modified_time":"2026-04-02T15:38:53+00:00","twitter_card":"summary_large_image","twitter_misc":{"Est. reading time":"4 minutes"},"schema":{"@context":"https:\/\/schema.org","@graph":[{"@type":"WebPage","@id":"https:\/\/www.agriadvisor.co.uk\/cy\/gyrfaoedd\/rheolwr-cyllid\/","url":"https:\/\/www.agriadvisor.co.uk\/cy\/gyrfaoedd\/rheolwr-cyllid\/","name":"Rheolwr Cyllid - Agri Advisor","isPartOf":{"@id":"https:\/\/www.agriadvisor.co.uk\/#website"},"datePublished":"2026-04-02T15:35:53+00:00","dateModified":"2026-04-02T15:38:53+00:00","breadcrumb":{"@id":"https:\/\/www.agriadvisor.co.uk\/cy\/gyrfaoedd\/rheolwr-cyllid\/#breadcrumb"},"inLanguage":"cy-GB","potentialAction":[{"@type":"ReadAction","target":["https:\/\/www.agriadvisor.co.uk\/cy\/gyrfaoedd\/rheolwr-cyllid\/"]}]},{"@type":"BreadcrumbList","@id":"https:\/\/www.agriadvisor.co.uk\/cy\/gyrfaoedd\/rheolwr-cyllid\/#breadcrumb","itemListElement":[{"@type":"ListItem","position":1,"name":"Home","item":"https:\/\/www.agriadvisor.co.uk\/cy\/"},{"@type":"ListItem","position":2,"name":"Gyrfaoedd","item":"https:\/\/www.agriadvisor.co.uk\/cy\/gyrfaoedd\/"},{"@type":"ListItem","position":3,"name":"Rheolwr Cyllid"}]},{"@type":"WebSite","@id":"https:\/\/www.agriadvisor.co.uk\/#website","url":"https:\/\/www.agriadvisor.co.uk\/","name":"Agri Advisor","description":"A Specialist Rural Firm of Solicitors and Advisors","inLanguage":"cy-GB"}]}},"_links":{"self":[{"href":"https:\/\/www.agriadvisor.co.uk\/cy\/wp-json\/wp\/v2\/pages\/19954","targetHints":{"allow":["GET"]}}],"collection":[{"href":"https:\/\/www.agriadvisor.co.uk\/cy\/wp-json\/wp\/v2\/pages"}],"about":[{"href":"https:\/\/www.agriadvisor.co.uk\/cy\/wp-json\/wp\/v2\/types\/page"}],"author":[{"embeddable":true,"href":"https:\/\/www.agriadvisor.co.uk\/cy\/wp-json\/wp\/v2\/users\/5"}],"replies":[{"embeddable":true,"href":"https:\/\/www.agriadvisor.co.uk\/cy\/wp-json\/wp\/v2\/comments?post=19954"}],"version-history":[{"count":5,"href":"https:\/\/www.agriadvisor.co.uk\/cy\/wp-json\/wp\/v2\/pages\/19954\/revisions"}],"predecessor-version":[{"id":19965,"href":"https:\/\/www.agriadvisor.co.uk\/cy\/wp-json\/wp\/v2\/pages\/19954\/revisions\/19965"}],"up":[{"embeddable":true,"href":"https:\/\/www.agriadvisor.co.uk\/cy\/wp-json\/wp\/v2\/pages\/18380"}],"wp:attachment":[{"href":"https:\/\/www.agriadvisor.co.uk\/cy\/wp-json\/wp\/v2\/media?parent=19954"}],"wp:term":[{"taxonomy":"pagetype","embeddable":true,"href":"https:\/\/www.agriadvisor.co.uk\/cy\/wp-json\/wp\/v2\/pagetype?post=19954"}],"curies":[{"name":"wp","href":"https:\/\/api.w.org\/{rel}","templated":true}]}}