{"id":413,"date":"2020-04-23T16:35:06","date_gmt":"2020-04-23T15:35:06","guid":{"rendered":"http:\/\/agriadvisor.flywheelsites.com\/?page_id=413"},"modified":"2020-05-01T14:59:08","modified_gmt":"2020-05-01T13:59:08","slug":"fbs","status":"publish","type":"page","link":"https:\/\/www.agriadvisor.co.uk\/cy\/ein-gwasanaethau\/legal-services\/fbs\/","title":{"rendered":"Strwythurau Busnes Fferm"},"content":{"rendered":"<p><strong>Partneriaethau Fferm a Strwythurau Corfforaethol<\/strong><\/p>\n<p>Mae gennym d\u00eem penodedig sy&#8217;n arbenigo mewn drafftio partneriaethau fferm a strwythurau busnes i sicrhau bod y busnes yn cael ei redeg yn y ffordd fwyaf effeithlon drwy gofnodi&#8217;n ysgrifenedig fwriad y part\u00efon. Mae anghydfod yn tueddu i ddeillio o ddiffyg cyfathrebu ac eglurder o ran yr hyn y mae&#8217;r busnes yn ceisio ei gyflawni a rolau unigolion o fewn y busnes hwnnw.<\/p>\n<p>Hefyd mae gennym brofiad helaeth o ddrafftio tenantiaethau busnes fferm. Mae&#8217;n hanfodol bod telerau unrhyw denantiaeth yn cael eu cofnodi&#8217;n ysgrifenedig er mwyn amddiffyn y ddau barti. Os bydd unrhyw beth yn mynd o&#8217;i le yn y dyfodol, bydd gan y naill barti neu&#8217;r llall ddogfen y gallant ddibynnu arni ac os yw&#8217;n briodol, ei gorfodi.<\/p>\n<p>Bydd Tenantiaeth Busnes Fferm yn nodi&#8217;r rhwymedigaethau a orfodir ar y tenant a chyfrifoldebau&#8217;r landlord.\u00a0 Mae&#8217;n bwysig bod pob parti yn ymwybodol o&#8217;r hyn y maent yn gyfrifol amdano fel bod y denantiaeth yn rhedeg yn esmwyth ac nad yw&#8217;r berthynas yn dioddef o ganlyniad i unrhyw broblemau.<\/p>\n<p>&nbsp;<\/p>\n<p><strong>Contractau masnachol ar gyfer ffermio busnes\u00a0 <\/strong><\/p>\n<p>Gall ein t\u00eem masnachol arbenigol ddelio \u00e2 drafftio contractau ar gyfer pob agwedd ar fusnes eich fferm o fenter newydd i drwydded bori. Mae&#8217;n bwysig ystyried pob senario a allai godi, er mwyn sicrhau, os ddibynnir ar delerau busnes neu brydles, bod tystiolaeth ddogfennol o&#8217;r termau y cytunwyd arnynt rhwng y part\u00efon.\u00a0 Wrth ddrafftio contractau o&#8217;r math hwn, gall ein t\u00eem masnachol hefyd fanteisio ar wybodaeth o fewn meysydd eraill o&#8217;n cwmni. Mae hyn yn golygu y gallai ein cydweithwyr yn y t\u00eem eiddo ymdrin \u00e2 drafftio prydles ar eiddo, gallai aelod o&#8217;r t\u00eem treth, ymddiriedolaeth ac ewyllysiau gynghori ar unrhyw oblygiadau treth a allai godi a gallai\u2019r t\u00eem masnachol ddrafftio&#8217;r ddogfennaeth ategol drafodaethol.<\/p>\n<p>&nbsp;<\/p>\n<p><strong>Anghydfodau Strwythur Busnes<\/strong><\/p>\n<p>Gall anghydfod rhwng partneriaid neu gyfranddalwyr gael effaith niweidiol ar fusnes a gall hyn fod hyd yn oed anoddach pan ei fod rhwng aelodau o\u2019r teulu, sy\u2019n aml yn byw a gweithio yn agos. Yn y byd ffermio, ceir strwythurau cymhleth yn aml gyda chyfraniadau amrywiol i\u2019r busnes yn ogystal \u00e2 pherchnogaeth wahanol o asedau a thir gan y part\u00efon gwahanol. Mae ein profiad gyda\u2019r busnes ffermio yn sicrhau ein bod yn gwybod beth i chwilio amdano. Nid ydym chwaith yn osgoi problemau sbesiffig ffermio megis cynnal Cynllun y Taliad Sylfaenol (BPS) a chynlluniau amgylcheddol.<\/p>\n<p>Mae Agri Advisor yn falch iawn o wybodaeth uniongyrchol y mwyafrif o\u2019r staff o fusnes ffermio a\u2019i hynodrwydd. Yn aml, mae\u2019r anghydfodau hyn yn galw am ddatrysiad ymarferol yn ogystal ag un cyfreithiol. Mae cyfuniad unigryw Agri Advisor yn ein galluogi i gynghori unrhyw fusnes yn gynhwysfawr pan fo\u2019n wynebu problemau.<\/p>\n","protected":false},"excerpt":{"rendered":"<p>Partneriaethau Fferm a Strwythurau Corfforaethol Mae gennym d\u00eem penodedig sy&#8217;n arbenigo mewn drafftio partneriaethau fferm a strwythurau busnes i sicrhau bod y busnes yn cael ei redeg yn y ffordd&#8230;<\/p>\n","protected":false},"author":2,"featured_media":0,"parent":422,"menu_order":81,"comment_status":"closed","ping_status":"closed","template":"","meta":{"_acf_changed":false,"footnotes":""},"pagetype":[],"class_list":["post-413","page","type-page","status-publish","hentry"],"acf":[],"yoast_head":"<!-- This site is optimized with the Yoast SEO plugin v27.4 - https:\/\/yoast.com\/product\/yoast-seo-wordpress\/ -->\n<title>Strwythurau Busnes Fferm - Agri Advisor<\/title>\n<meta name=\"robots\" content=\"index, follow, max-snippet:-1, max-image-preview:large, max-video-preview:-1\" \/>\n<link rel=\"canonical\" href=\"https:\/\/www.agriadvisor.co.uk\/cy\/ein-gwasanaethau\/legal-services\/fbs\/\" \/>\n<meta property=\"og:locale\" content=\"cy_GB\" \/>\n<meta property=\"og:type\" content=\"article\" \/>\n<meta property=\"og:title\" content=\"Strwythurau Busnes Fferm - Agri Advisor\" \/>\n<meta property=\"og:description\" content=\"Partneriaethau Fferm a Strwythurau Corfforaethol Mae gennym d\u00eem penodedig sy&#8217;n arbenigo mewn drafftio partneriaethau fferm a strwythurau busnes i sicrhau bod y busnes yn cael ei redeg yn y ffordd...\" \/>\n<meta property=\"og:url\" content=\"https:\/\/www.agriadvisor.co.uk\/cy\/ein-gwasanaethau\/legal-services\/fbs\/\" \/>\n<meta property=\"og:site_name\" content=\"Agri Advisor\" \/>\n<meta property=\"article:modified_time\" content=\"2020-05-01T13:59:08+00:00\" \/>\n<meta name=\"twitter:card\" content=\"summary_large_image\" \/>\n<meta name=\"twitter:label1\" content=\"Est. reading time\" \/>\n\t<meta name=\"twitter:data1\" content=\"2 minutes\" \/>\n<script type=\"application\/ld+json\" class=\"yoast-schema-graph\">{\"@context\":\"https:\\\/\\\/schema.org\",\"@graph\":[{\"@type\":\"WebPage\",\"@id\":\"https:\\\/\\\/www.agriadvisor.co.uk\\\/cy\\\/ein-gwasanaethau\\\/legal-services\\\/fbs\\\/\",\"url\":\"https:\\\/\\\/www.agriadvisor.co.uk\\\/cy\\\/ein-gwasanaethau\\\/legal-services\\\/fbs\\\/\",\"name\":\"Strwythurau Busnes Fferm - Agri Advisor\",\"isPartOf\":{\"@id\":\"https:\\\/\\\/www.agriadvisor.co.uk\\\/#website\"},\"datePublished\":\"2020-04-23T15:35:06+00:00\",\"dateModified\":\"2020-05-01T13:59:08+00:00\",\"breadcrumb\":{\"@id\":\"https:\\\/\\\/www.agriadvisor.co.uk\\\/cy\\\/ein-gwasanaethau\\\/legal-services\\\/fbs\\\/#breadcrumb\"},\"inLanguage\":\"cy-GB\",\"potentialAction\":[{\"@type\":\"ReadAction\",\"target\":[\"https:\\\/\\\/www.agriadvisor.co.uk\\\/cy\\\/ein-gwasanaethau\\\/legal-services\\\/fbs\\\/\"]}]},{\"@type\":\"BreadcrumbList\",\"@id\":\"https:\\\/\\\/www.agriadvisor.co.uk\\\/cy\\\/ein-gwasanaethau\\\/legal-services\\\/fbs\\\/#breadcrumb\",\"itemListElement\":[{\"@type\":\"ListItem\",\"position\":1,\"name\":\"Home\",\"item\":\"https:\\\/\\\/www.agriadvisor.co.uk\\\/cy\\\/\"},{\"@type\":\"ListItem\",\"position\":2,\"name\":\"Gwasanaethau\",\"item\":\"https:\\\/\\\/www.agriadvisor.co.uk\\\/cy\\\/ein-gwasanaethau\\\/\"},{\"@type\":\"ListItem\",\"position\":3,\"name\":\"Gwasanaethau Cyfreithiol\",\"item\":\"https:\\\/\\\/www.agriadvisor.co.uk\\\/cy\\\/ein-gwasanaethau\\\/legal-services\\\/\"},{\"@type\":\"ListItem\",\"position\":4,\"name\":\"Strwythurau Busnes Fferm\"}]},{\"@type\":\"WebSite\",\"@id\":\"https:\\\/\\\/www.agriadvisor.co.uk\\\/#website\",\"url\":\"https:\\\/\\\/www.agriadvisor.co.uk\\\/\",\"name\":\"Agri Advisor\",\"description\":\"A Specialist Rural Firm of Solicitors and Advisors\",\"inLanguage\":\"cy-GB\"}]}<\/script>\n<!-- \/ Yoast SEO plugin. -->","yoast_head_json":{"title":"Strwythurau Busnes Fferm - Agri Advisor","robots":{"index":"index","follow":"follow","max-snippet":"max-snippet:-1","max-image-preview":"max-image-preview:large","max-video-preview":"max-video-preview:-1"},"canonical":"https:\/\/www.agriadvisor.co.uk\/cy\/ein-gwasanaethau\/legal-services\/fbs\/","og_locale":"cy_GB","og_type":"article","og_title":"Strwythurau Busnes Fferm - Agri Advisor","og_description":"Partneriaethau Fferm a Strwythurau Corfforaethol Mae gennym d\u00eem penodedig sy&#8217;n arbenigo mewn drafftio partneriaethau fferm a strwythurau busnes i sicrhau bod y busnes yn cael ei redeg yn y ffordd...","og_url":"https:\/\/www.agriadvisor.co.uk\/cy\/ein-gwasanaethau\/legal-services\/fbs\/","og_site_name":"Agri Advisor","article_modified_time":"2020-05-01T13:59:08+00:00","twitter_card":"summary_large_image","twitter_misc":{"Est. reading time":"2 minutes"},"schema":{"@context":"https:\/\/schema.org","@graph":[{"@type":"WebPage","@id":"https:\/\/www.agriadvisor.co.uk\/cy\/ein-gwasanaethau\/legal-services\/fbs\/","url":"https:\/\/www.agriadvisor.co.uk\/cy\/ein-gwasanaethau\/legal-services\/fbs\/","name":"Strwythurau Busnes Fferm - Agri Advisor","isPartOf":{"@id":"https:\/\/www.agriadvisor.co.uk\/#website"},"datePublished":"2020-04-23T15:35:06+00:00","dateModified":"2020-05-01T13:59:08+00:00","breadcrumb":{"@id":"https:\/\/www.agriadvisor.co.uk\/cy\/ein-gwasanaethau\/legal-services\/fbs\/#breadcrumb"},"inLanguage":"cy-GB","potentialAction":[{"@type":"ReadAction","target":["https:\/\/www.agriadvisor.co.uk\/cy\/ein-gwasanaethau\/legal-services\/fbs\/"]}]},{"@type":"BreadcrumbList","@id":"https:\/\/www.agriadvisor.co.uk\/cy\/ein-gwasanaethau\/legal-services\/fbs\/#breadcrumb","itemListElement":[{"@type":"ListItem","position":1,"name":"Home","item":"https:\/\/www.agriadvisor.co.uk\/cy\/"},{"@type":"ListItem","position":2,"name":"Gwasanaethau","item":"https:\/\/www.agriadvisor.co.uk\/cy\/ein-gwasanaethau\/"},{"@type":"ListItem","position":3,"name":"Gwasanaethau Cyfreithiol","item":"https:\/\/www.agriadvisor.co.uk\/cy\/ein-gwasanaethau\/legal-services\/"},{"@type":"ListItem","position":4,"name":"Strwythurau Busnes Fferm"}]},{"@type":"WebSite","@id":"https:\/\/www.agriadvisor.co.uk\/#website","url":"https:\/\/www.agriadvisor.co.uk\/","name":"Agri Advisor","description":"A Specialist Rural Firm of Solicitors and Advisors","inLanguage":"cy-GB"}]}},"_links":{"self":[{"href":"https:\/\/www.agriadvisor.co.uk\/cy\/wp-json\/wp\/v2\/pages\/413","targetHints":{"allow":["GET"]}}],"collection":[{"href":"https:\/\/www.agriadvisor.co.uk\/cy\/wp-json\/wp\/v2\/pages"}],"about":[{"href":"https:\/\/www.agriadvisor.co.uk\/cy\/wp-json\/wp\/v2\/types\/page"}],"author":[{"embeddable":true,"href":"https:\/\/www.agriadvisor.co.uk\/cy\/wp-json\/wp\/v2\/users\/2"}],"replies":[{"embeddable":true,"href":"https:\/\/www.agriadvisor.co.uk\/cy\/wp-json\/wp\/v2\/comments?post=413"}],"version-history":[{"count":5,"href":"https:\/\/www.agriadvisor.co.uk\/cy\/wp-json\/wp\/v2\/pages\/413\/revisions"}],"predecessor-version":[{"id":873,"href":"https:\/\/www.agriadvisor.co.uk\/cy\/wp-json\/wp\/v2\/pages\/413\/revisions\/873"}],"up":[{"embeddable":true,"href":"https:\/\/www.agriadvisor.co.uk\/cy\/wp-json\/wp\/v2\/pages\/422"}],"wp:attachment":[{"href":"https:\/\/www.agriadvisor.co.uk\/cy\/wp-json\/wp\/v2\/media?parent=413"}],"wp:term":[{"taxonomy":"pagetype","embeddable":true,"href":"https:\/\/www.agriadvisor.co.uk\/cy\/wp-json\/wp\/v2\/pagetype?post=413"}],"curies":[{"name":"wp","href":"https:\/\/api.w.org\/{rel}","templated":true}]}}