{"id":427,"date":"2020-04-23T16:35:48","date_gmt":"2020-04-23T15:35:48","guid":{"rendered":"http:\/\/agriadvisor.flywheelsites.com\/?page_id=427"},"modified":"2020-07-01T16:33:20","modified_gmt":"2020-07-01T15:33:20","slug":"teulu","status":"publish","type":"page","link":"https:\/\/www.agriadvisor.co.uk\/cy\/ein-gwasanaethau\/legal-services\/teulu\/","title":{"rendered":"Teulu"},"content":{"rendered":"<p>Yn Agri Advisor, deallwn y gall fethiant perthynas fod yn anodd a llawn straen, a bod derbyn cyngor cyfreithiol yn ystod yr amser hynod sensitif hwn yn hanfodol er mwyn datrys materion sy&#8217;n ymwneud ag eiddo, asedau a\/neu drefniadau gofal plant mewn modd sydd mor gyfeillgar ac anymosodol ag y bo modd.<\/p>\n<p>Yma yn Agri Advisor, mae gennym dros 27 mlynedd o brofiad ar ein t\u00eem, ac felly rydym yn gallu cynnig ystod eang o wasanaethau sy&#8217;n cynnwys cyngor ar anghydfodau ariannol a threfniadau sy&#8217;n ymwneud \u00e2&#8217;r plant a all ddeillio o fethiant perthynas ac sy&#8217;n gallu helpu ein cleientiaid i ddod i gytundeb gyda chyn lleied o straen \u00e2 phosibl.\u00a0 Yn ogystal, mae gennym yr arbenigedd i ddarparu cyngor cyfreithiol i&#8217;n cleientiaid sy\u2019n meddwl am ymrwymo i berthynas a fyddai&#8217;n cynnwys rhoi cyngor a pharatoi Cytundebau Cyd-fyw neu Gytundebau Cyn-briodasol.<\/p>\n<p>Mae ein gwasanaeth cynhwysfawr yn cynnwys:-<\/p>\n<ul>\n<li>Ysgariad\/gwahanu<\/li>\n<li>Anghydfodau Ariannol<\/li>\n<li>Anghydfodau Plant<\/li>\n<li>Cytundebau Cyd-fyw<\/li>\n<li>Cytundebau Cyn-briodasol<\/li>\n<li>Cytundebau Cyfrifoldeb Rhieni<\/li>\n<\/ul>\n<p>Tra bod Agri Advisor yn gallu cynnig cyngor cyfreithiol ymarferol ar \u00f4l i berthynas fethu, mae gan ein t\u00eem hefyd empathi a dealltwriaeth yn ogystal \u00e2&#8217;r arbenigedd i gynorthwyo ein cleientiaid yn y maes anodd a sensitif hwn. Mae ymdrin ag asedau ffermio mewn methiant perthynas yn arbenigedd penodol o fewn y t\u00eem.<\/p>\n","protected":false},"excerpt":{"rendered":"<p>Yn Agri Advisor, deallwn y gall fethiant perthynas fod yn anodd a llawn straen, a bod derbyn cyngor cyfreithiol yn ystod yr amser hynod sensitif hwn yn hanfodol er mwyn&#8230;<\/p>\n","protected":false},"author":2,"featured_media":0,"parent":422,"menu_order":66,"comment_status":"closed","ping_status":"closed","template":"","meta":{"_acf_changed":false,"footnotes":""},"pagetype":[],"class_list":["post-427","page","type-page","status-publish","hentry"],"acf":[],"yoast_head":"<!-- This site is optimized with the Yoast SEO plugin v27.4 - https:\/\/yoast.com\/product\/yoast-seo-wordpress\/ -->\n<title>Teulu - Agri Advisor<\/title>\n<meta name=\"robots\" content=\"index, follow, max-snippet:-1, max-image-preview:large, max-video-preview:-1\" \/>\n<link rel=\"canonical\" href=\"https:\/\/www.agriadvisor.co.uk\/cy\/ein-gwasanaethau\/legal-services\/teulu\/\" \/>\n<meta property=\"og:locale\" content=\"cy_GB\" \/>\n<meta property=\"og:type\" content=\"article\" \/>\n<meta property=\"og:title\" content=\"Teulu - Agri Advisor\" \/>\n<meta property=\"og:description\" content=\"Yn Agri Advisor, deallwn y gall fethiant perthynas fod yn anodd a llawn straen, a bod derbyn cyngor cyfreithiol yn ystod yr amser hynod sensitif hwn yn hanfodol er mwyn...\" \/>\n<meta property=\"og:url\" content=\"https:\/\/www.agriadvisor.co.uk\/cy\/ein-gwasanaethau\/legal-services\/teulu\/\" \/>\n<meta property=\"og:site_name\" content=\"Agri Advisor\" \/>\n<meta property=\"article:modified_time\" content=\"2020-07-01T15:33:20+00:00\" \/>\n<meta name=\"twitter:card\" content=\"summary_large_image\" \/>\n<meta name=\"twitter:label1\" content=\"Est. reading time\" \/>\n\t<meta name=\"twitter:data1\" content=\"1 minute\" \/>\n<script type=\"application\/ld+json\" class=\"yoast-schema-graph\">{\"@context\":\"https:\\\/\\\/schema.org\",\"@graph\":[{\"@type\":\"WebPage\",\"@id\":\"https:\\\/\\\/www.agriadvisor.co.uk\\\/cy\\\/ein-gwasanaethau\\\/legal-services\\\/teulu\\\/\",\"url\":\"https:\\\/\\\/www.agriadvisor.co.uk\\\/cy\\\/ein-gwasanaethau\\\/legal-services\\\/teulu\\\/\",\"name\":\"Teulu - Agri Advisor\",\"isPartOf\":{\"@id\":\"https:\\\/\\\/www.agriadvisor.co.uk\\\/#website\"},\"datePublished\":\"2020-04-23T15:35:48+00:00\",\"dateModified\":\"2020-07-01T15:33:20+00:00\",\"breadcrumb\":{\"@id\":\"https:\\\/\\\/www.agriadvisor.co.uk\\\/cy\\\/ein-gwasanaethau\\\/legal-services\\\/teulu\\\/#breadcrumb\"},\"inLanguage\":\"cy-GB\",\"potentialAction\":[{\"@type\":\"ReadAction\",\"target\":[\"https:\\\/\\\/www.agriadvisor.co.uk\\\/cy\\\/ein-gwasanaethau\\\/legal-services\\\/teulu\\\/\"]}]},{\"@type\":\"BreadcrumbList\",\"@id\":\"https:\\\/\\\/www.agriadvisor.co.uk\\\/cy\\\/ein-gwasanaethau\\\/legal-services\\\/teulu\\\/#breadcrumb\",\"itemListElement\":[{\"@type\":\"ListItem\",\"position\":1,\"name\":\"Home\",\"item\":\"https:\\\/\\\/www.agriadvisor.co.uk\\\/cy\\\/\"},{\"@type\":\"ListItem\",\"position\":2,\"name\":\"Gwasanaethau\",\"item\":\"https:\\\/\\\/www.agriadvisor.co.uk\\\/cy\\\/ein-gwasanaethau\\\/\"},{\"@type\":\"ListItem\",\"position\":3,\"name\":\"Gwasanaethau Cyfreithiol\",\"item\":\"https:\\\/\\\/www.agriadvisor.co.uk\\\/cy\\\/ein-gwasanaethau\\\/legal-services\\\/\"},{\"@type\":\"ListItem\",\"position\":4,\"name\":\"Teulu\"}]},{\"@type\":\"WebSite\",\"@id\":\"https:\\\/\\\/www.agriadvisor.co.uk\\\/#website\",\"url\":\"https:\\\/\\\/www.agriadvisor.co.uk\\\/\",\"name\":\"Agri Advisor\",\"description\":\"A Specialist Rural Firm of Solicitors and Advisors\",\"inLanguage\":\"cy-GB\"}]}<\/script>\n<!-- \/ Yoast SEO plugin. -->","yoast_head_json":{"title":"Teulu - Agri Advisor","robots":{"index":"index","follow":"follow","max-snippet":"max-snippet:-1","max-image-preview":"max-image-preview:large","max-video-preview":"max-video-preview:-1"},"canonical":"https:\/\/www.agriadvisor.co.uk\/cy\/ein-gwasanaethau\/legal-services\/teulu\/","og_locale":"cy_GB","og_type":"article","og_title":"Teulu - Agri Advisor","og_description":"Yn Agri Advisor, deallwn y gall fethiant perthynas fod yn anodd a llawn straen, a bod derbyn cyngor cyfreithiol yn ystod yr amser hynod sensitif hwn yn hanfodol er mwyn...","og_url":"https:\/\/www.agriadvisor.co.uk\/cy\/ein-gwasanaethau\/legal-services\/teulu\/","og_site_name":"Agri Advisor","article_modified_time":"2020-07-01T15:33:20+00:00","twitter_card":"summary_large_image","twitter_misc":{"Est. reading time":"1 minute"},"schema":{"@context":"https:\/\/schema.org","@graph":[{"@type":"WebPage","@id":"https:\/\/www.agriadvisor.co.uk\/cy\/ein-gwasanaethau\/legal-services\/teulu\/","url":"https:\/\/www.agriadvisor.co.uk\/cy\/ein-gwasanaethau\/legal-services\/teulu\/","name":"Teulu - Agri Advisor","isPartOf":{"@id":"https:\/\/www.agriadvisor.co.uk\/#website"},"datePublished":"2020-04-23T15:35:48+00:00","dateModified":"2020-07-01T15:33:20+00:00","breadcrumb":{"@id":"https:\/\/www.agriadvisor.co.uk\/cy\/ein-gwasanaethau\/legal-services\/teulu\/#breadcrumb"},"inLanguage":"cy-GB","potentialAction":[{"@type":"ReadAction","target":["https:\/\/www.agriadvisor.co.uk\/cy\/ein-gwasanaethau\/legal-services\/teulu\/"]}]},{"@type":"BreadcrumbList","@id":"https:\/\/www.agriadvisor.co.uk\/cy\/ein-gwasanaethau\/legal-services\/teulu\/#breadcrumb","itemListElement":[{"@type":"ListItem","position":1,"name":"Home","item":"https:\/\/www.agriadvisor.co.uk\/cy\/"},{"@type":"ListItem","position":2,"name":"Gwasanaethau","item":"https:\/\/www.agriadvisor.co.uk\/cy\/ein-gwasanaethau\/"},{"@type":"ListItem","position":3,"name":"Gwasanaethau Cyfreithiol","item":"https:\/\/www.agriadvisor.co.uk\/cy\/ein-gwasanaethau\/legal-services\/"},{"@type":"ListItem","position":4,"name":"Teulu"}]},{"@type":"WebSite","@id":"https:\/\/www.agriadvisor.co.uk\/#website","url":"https:\/\/www.agriadvisor.co.uk\/","name":"Agri Advisor","description":"A Specialist Rural Firm of Solicitors and Advisors","inLanguage":"cy-GB"}]}},"_links":{"self":[{"href":"https:\/\/www.agriadvisor.co.uk\/cy\/wp-json\/wp\/v2\/pages\/427","targetHints":{"allow":["GET"]}}],"collection":[{"href":"https:\/\/www.agriadvisor.co.uk\/cy\/wp-json\/wp\/v2\/pages"}],"about":[{"href":"https:\/\/www.agriadvisor.co.uk\/cy\/wp-json\/wp\/v2\/types\/page"}],"author":[{"embeddable":true,"href":"https:\/\/www.agriadvisor.co.uk\/cy\/wp-json\/wp\/v2\/users\/2"}],"replies":[{"embeddable":true,"href":"https:\/\/www.agriadvisor.co.uk\/cy\/wp-json\/wp\/v2\/comments?post=427"}],"version-history":[{"count":2,"href":"https:\/\/www.agriadvisor.co.uk\/cy\/wp-json\/wp\/v2\/pages\/427\/revisions"}],"predecessor-version":[{"id":1374,"href":"https:\/\/www.agriadvisor.co.uk\/cy\/wp-json\/wp\/v2\/pages\/427\/revisions\/1374"}],"up":[{"embeddable":true,"href":"https:\/\/www.agriadvisor.co.uk\/cy\/wp-json\/wp\/v2\/pages\/422"}],"wp:attachment":[{"href":"https:\/\/www.agriadvisor.co.uk\/cy\/wp-json\/wp\/v2\/media?parent=427"}],"wp:term":[{"taxonomy":"pagetype","embeddable":true,"href":"https:\/\/www.agriadvisor.co.uk\/cy\/wp-json\/wp\/v2\/pagetype?post=427"}],"curies":[{"name":"wp","href":"https:\/\/api.w.org\/{rel}","templated":true}]}}