{"id":435,"date":"2020-04-23T16:37:50","date_gmt":"2020-04-23T15:37:50","guid":{"rendered":"http:\/\/agriadvisor.flywheelsites.com\/?page_id=435"},"modified":"2020-04-23T16:37:50","modified_gmt":"2020-04-23T15:37:50","slug":"cynlluniau-grantiau-stiwardiaeth","status":"publish","type":"page","link":"https:\/\/www.agriadvisor.co.uk\/cy\/ein-gwasanaethau\/cynlluniau-grantiau-stiwardiaeth\/","title":{"rendered":"Cynlluniau, Grantiau &#038; Stiwardiaeth"},"content":{"rendered":"<p>Gallwn gynnig cyngor cyflawn a chynhwysfawr mewn perthynas \u00e2 Chynllun y Taliad Sylfaenol gan gynnwys cyflwyno ceisiadau yng Nghymru a Lloegr, cyngor yngl\u0177n \u00e2 gwyrddu, hawliadau trawsffiniol a chymorth gydag apeliadau yn y ddwy wlad.<\/p>\n<p>Yn ogystal rydym yn meddu ar y wybodaeth ddiweddaraf am y cynlluniau grant, sy&#8217;n golygu y gallwn gynnig cyngor defnyddiol i&#8217;n cleientiaid yng Nghymru a Lloegr am y cynlluniau sydd ar gael ac os ydynt o bosibl yn addas ar gyfer daliad penodol. Yng Nghymru, rydym yn gallu delio \u00e2 chontractau Glastir a gallwn gyflwyno apeliadau mewn perthynas ag unrhyw gosbau a roddir. Gallwn ddarparu cyngor trylwyr ar geisiadau am Stiwardiaeth Cefn Gwlad a Grantiau Cyfalaf D\u0175r yn Lloegr, gan gynnwys cyngor ar opsiynau, cyflwyno ceisiadau a rheoli blynyddol yn \u00f4l y gofyn.<\/p>\n<p>Gallwn ddarparu gwasanaeth llawn mewn perthynas \u00e2 Grantiau Cynhyrchu Cynaliadwy yng Nghymru sy\u2019n ymestyn o gymorth gyda Datganiadau o Ddiddordeb i gynorthwyo gyda&#8217;r cais llawn gan gynnwys unrhyw gynlluniau busnes fferm ac unrhyw geisiadau cynllunio sydd eu hangen.<\/p>\n<p>Rydym yn gwerthfawrogi bod ffermwyr yn dod yn fwyfwy ymwybodol o oblygiadau Traws gydymffurfio, ac yn Agri Advisor gallwn roi cyngor cynhwysfawr ynghylch pob elfen o Draws gydymffurfio gan gynnwys darparu cofnodion Parthau Perygl Nitradau (PPN) a chyngor am ffermio o fewn PPN. Ar ben hynny, ar gyfer y cleientiaid hynny sydd eu hangen, gallwn geisio trefnu i fod ar y fferm yn ystod unrhyw archwiliad, er mwyn cynnig cefnogaeth a chymorth yn \u00f4l yr angen.<\/p>\n","protected":false},"excerpt":{"rendered":"<p>Gallwn gynnig cyngor cyflawn a chynhwysfawr mewn perthynas \u00e2 Chynllun y Taliad Sylfaenol gan gynnwys cyflwyno ceisiadau yng Nghymru a Lloegr, cyngor yngl\u0177n \u00e2 gwyrddu, hawliadau trawsffiniol a chymorth gydag&#8230;<\/p>\n","protected":false},"author":2,"featured_media":0,"parent":290,"menu_order":81,"comment_status":"closed","ping_status":"closed","template":"","meta":{"_acf_changed":false,"footnotes":""},"pagetype":[],"class_list":["post-435","page","type-page","status-publish","hentry"],"acf":[],"yoast_head":"<!-- This site is optimized with the Yoast SEO plugin v27.6 - https:\/\/yoast.com\/product\/yoast-seo-wordpress\/ -->\n<title>Cynlluniau, Grantiau &amp; Stiwardiaeth - Agri Advisor<\/title>\n<meta name=\"robots\" content=\"index, follow, max-snippet:-1, max-image-preview:large, max-video-preview:-1\" \/>\n<link rel=\"canonical\" href=\"https:\/\/www.agriadvisor.co.uk\/cy\/ein-gwasanaethau\/advisory-services__trashed\/cynlluniau-grantiau-stiwardiaeth\/\" \/>\n<meta property=\"og:locale\" content=\"cy_GB\" \/>\n<meta property=\"og:type\" content=\"article\" \/>\n<meta property=\"og:title\" content=\"Cynlluniau, Grantiau &amp; Stiwardiaeth - Agri Advisor\" \/>\n<meta property=\"og:description\" content=\"Gallwn gynnig cyngor cyflawn a chynhwysfawr mewn perthynas \u00e2 Chynllun y Taliad Sylfaenol gan gynnwys cyflwyno ceisiadau yng Nghymru a Lloegr, cyngor yngl\u0177n \u00e2 gwyrddu, hawliadau trawsffiniol a chymorth gydag...\" \/>\n<meta property=\"og:url\" content=\"https:\/\/www.agriadvisor.co.uk\/cy\/ein-gwasanaethau\/advisory-services__trashed\/cynlluniau-grantiau-stiwardiaeth\/\" \/>\n<meta property=\"og:site_name\" content=\"Agri Advisor\" \/>\n<meta name=\"twitter:card\" content=\"summary_large_image\" \/>\n<meta name=\"twitter:label1\" content=\"Est. reading time\" \/>\n\t<meta name=\"twitter:data1\" content=\"1 minute\" \/>\n<script type=\"application\/ld+json\" class=\"yoast-schema-graph\">{\"@context\":\"https:\\\/\\\/schema.org\",\"@graph\":[{\"@type\":\"WebPage\",\"@id\":\"https:\\\/\\\/www.agriadvisor.co.uk\\\/cy\\\/ein-gwasanaethau\\\/advisory-services__trashed\\\/cynlluniau-grantiau-stiwardiaeth\\\/\",\"url\":\"https:\\\/\\\/www.agriadvisor.co.uk\\\/cy\\\/ein-gwasanaethau\\\/advisory-services__trashed\\\/cynlluniau-grantiau-stiwardiaeth\\\/\",\"name\":\"Cynlluniau, Grantiau & Stiwardiaeth - Agri Advisor\",\"isPartOf\":{\"@id\":\"https:\\\/\\\/www.agriadvisor.co.uk\\\/#website\"},\"datePublished\":\"2020-04-23T15:37:50+00:00\",\"breadcrumb\":{\"@id\":\"https:\\\/\\\/www.agriadvisor.co.uk\\\/cy\\\/ein-gwasanaethau\\\/advisory-services__trashed\\\/cynlluniau-grantiau-stiwardiaeth\\\/#breadcrumb\"},\"inLanguage\":\"cy-GB\",\"potentialAction\":[{\"@type\":\"ReadAction\",\"target\":[\"https:\\\/\\\/www.agriadvisor.co.uk\\\/cy\\\/ein-gwasanaethau\\\/advisory-services__trashed\\\/cynlluniau-grantiau-stiwardiaeth\\\/\"]}]},{\"@type\":\"BreadcrumbList\",\"@id\":\"https:\\\/\\\/www.agriadvisor.co.uk\\\/cy\\\/ein-gwasanaethau\\\/advisory-services__trashed\\\/cynlluniau-grantiau-stiwardiaeth\\\/#breadcrumb\",\"itemListElement\":[{\"@type\":\"ListItem\",\"position\":1,\"name\":\"Home\",\"item\":\"https:\\\/\\\/www.agriadvisor.co.uk\\\/cy\\\/\"},{\"@type\":\"ListItem\",\"position\":2,\"name\":\"Gwasanaethau\",\"item\":\"https:\\\/\\\/www.agriadvisor.co.uk\\\/cy\\\/ein-gwasanaethau\\\/\"},{\"@type\":\"ListItem\",\"position\":3,\"name\":\"Cynlluniau, Grantiau &#038; Stiwardiaeth\"}]},{\"@type\":\"WebSite\",\"@id\":\"https:\\\/\\\/www.agriadvisor.co.uk\\\/#website\",\"url\":\"https:\\\/\\\/www.agriadvisor.co.uk\\\/\",\"name\":\"Agri Advisor\",\"description\":\"A Specialist Rural Firm of Solicitors and Advisors\",\"inLanguage\":\"cy-GB\"}]}<\/script>\n<!-- \/ Yoast SEO plugin. -->","yoast_head_json":{"title":"Cynlluniau, Grantiau & Stiwardiaeth - Agri Advisor","robots":{"index":"index","follow":"follow","max-snippet":"max-snippet:-1","max-image-preview":"max-image-preview:large","max-video-preview":"max-video-preview:-1"},"canonical":"https:\/\/www.agriadvisor.co.uk\/cy\/ein-gwasanaethau\/advisory-services__trashed\/cynlluniau-grantiau-stiwardiaeth\/","og_locale":"cy_GB","og_type":"article","og_title":"Cynlluniau, Grantiau & Stiwardiaeth - Agri Advisor","og_description":"Gallwn gynnig cyngor cyflawn a chynhwysfawr mewn perthynas \u00e2 Chynllun y Taliad Sylfaenol gan gynnwys cyflwyno ceisiadau yng Nghymru a Lloegr, cyngor yngl\u0177n \u00e2 gwyrddu, hawliadau trawsffiniol a chymorth gydag...","og_url":"https:\/\/www.agriadvisor.co.uk\/cy\/ein-gwasanaethau\/advisory-services__trashed\/cynlluniau-grantiau-stiwardiaeth\/","og_site_name":"Agri Advisor","twitter_card":"summary_large_image","twitter_misc":{"Est. reading time":"1 minute"},"schema":{"@context":"https:\/\/schema.org","@graph":[{"@type":"WebPage","@id":"https:\/\/www.agriadvisor.co.uk\/cy\/ein-gwasanaethau\/advisory-services__trashed\/cynlluniau-grantiau-stiwardiaeth\/","url":"https:\/\/www.agriadvisor.co.uk\/cy\/ein-gwasanaethau\/advisory-services__trashed\/cynlluniau-grantiau-stiwardiaeth\/","name":"Cynlluniau, Grantiau & Stiwardiaeth - Agri Advisor","isPartOf":{"@id":"https:\/\/www.agriadvisor.co.uk\/#website"},"datePublished":"2020-04-23T15:37:50+00:00","breadcrumb":{"@id":"https:\/\/www.agriadvisor.co.uk\/cy\/ein-gwasanaethau\/advisory-services__trashed\/cynlluniau-grantiau-stiwardiaeth\/#breadcrumb"},"inLanguage":"cy-GB","potentialAction":[{"@type":"ReadAction","target":["https:\/\/www.agriadvisor.co.uk\/cy\/ein-gwasanaethau\/advisory-services__trashed\/cynlluniau-grantiau-stiwardiaeth\/"]}]},{"@type":"BreadcrumbList","@id":"https:\/\/www.agriadvisor.co.uk\/cy\/ein-gwasanaethau\/advisory-services__trashed\/cynlluniau-grantiau-stiwardiaeth\/#breadcrumb","itemListElement":[{"@type":"ListItem","position":1,"name":"Home","item":"https:\/\/www.agriadvisor.co.uk\/cy\/"},{"@type":"ListItem","position":2,"name":"Gwasanaethau","item":"https:\/\/www.agriadvisor.co.uk\/cy\/ein-gwasanaethau\/"},{"@type":"ListItem","position":3,"name":"Cynlluniau, Grantiau &#038; Stiwardiaeth"}]},{"@type":"WebSite","@id":"https:\/\/www.agriadvisor.co.uk\/#website","url":"https:\/\/www.agriadvisor.co.uk\/","name":"Agri Advisor","description":"A Specialist Rural Firm of Solicitors and Advisors","inLanguage":"cy-GB"}]}},"_links":{"self":[{"href":"https:\/\/www.agriadvisor.co.uk\/cy\/wp-json\/wp\/v2\/pages\/435","targetHints":{"allow":["GET"]}}],"collection":[{"href":"https:\/\/www.agriadvisor.co.uk\/cy\/wp-json\/wp\/v2\/pages"}],"about":[{"href":"https:\/\/www.agriadvisor.co.uk\/cy\/wp-json\/wp\/v2\/types\/page"}],"author":[{"embeddable":true,"href":"https:\/\/www.agriadvisor.co.uk\/cy\/wp-json\/wp\/v2\/users\/2"}],"replies":[{"embeddable":true,"href":"https:\/\/www.agriadvisor.co.uk\/cy\/wp-json\/wp\/v2\/comments?post=435"}],"version-history":[{"count":1,"href":"https:\/\/www.agriadvisor.co.uk\/cy\/wp-json\/wp\/v2\/pages\/435\/revisions"}],"predecessor-version":[{"id":436,"href":"https:\/\/www.agriadvisor.co.uk\/cy\/wp-json\/wp\/v2\/pages\/435\/revisions\/436"}],"up":[{"embeddable":true,"href":"https:\/\/www.agriadvisor.co.uk\/cy\/wp-json\/wp\/v2\/pages\/290"}],"wp:attachment":[{"href":"https:\/\/www.agriadvisor.co.uk\/cy\/wp-json\/wp\/v2\/media?parent=435"}],"wp:term":[{"taxonomy":"pagetype","embeddable":true,"href":"https:\/\/www.agriadvisor.co.uk\/cy\/wp-json\/wp\/v2\/pagetype?post=435"}],"curies":[{"name":"wp","href":"https:\/\/api.w.org\/{rel}","templated":true}]}}