{"id":440,"date":"2020-04-23T16:36:01","date_gmt":"2020-04-23T15:36:01","guid":{"rendered":"http:\/\/agriadvisor.flywheelsites.com\/?page_id=440"},"modified":"2020-07-01T16:26:45","modified_gmt":"2020-07-01T15:26:45","slug":"estate-planning-and-administration","status":"publish","type":"page","link":"https:\/\/www.agriadvisor.co.uk\/cy\/ein-gwasanaethau\/legal-services\/estate-planning-and-administration\/","title":{"rendered":"Cynllunio a Gweinyddu Ystadau"},"content":{"rendered":"<p>&nbsp;<\/p>\n<p>Yma\u2019n Agri Advisor, rydym yn cynghori\u2019n cleientiaid i ymdrin \u00e2\u2019i chynlluniau olyniaeth fel proses yn hytrach na orchwyl unwaith ac am byth. Cynghorir bod eich Ewyllysiau, eich sefyllfa Treth Etifeddiant, Pwerau Atwrnai a&#8217;ch strwythurau busnes yn cael eu hailystyried bob 2-3 mlynedd.<\/p>\n<p>Mae&#8217;r Gyfraith yn newid yn aml, a&#8217;r Gyfraith sy&#8217;n bodoli ar ddyddiad eich marwolaeth bydd y Gyfraith sy\u2019n llywodraethu dosbarthiad eich yst\u00e2d; nid y Gyfraith oedd yn bodoli ar ddyddiad llofnodwyd eich Ewyllys. Felly, mae&#8217;n bwysig bod eich yst\u00e2d yn cael ei hadolygu&#8217;n rheolaidd er mwyn sicrhau ei bod yn addas yn dilyn unrhyw newidiadau cyfreithiol.<\/p>\n<p>Rydym yn cynnig y gwasanaethau canlynol:<\/p>\n<p><strong>Ewyllysai, Pwerau Atwrnai a Chynllunio Yst\u00e2d<\/strong><\/p>\n<p><span style=\"text-decoration: underline;\">Drafftio a Gwirio Ewyllysai:<\/span> Ni allwn tanddatgan pwysigrwydd ewyllys effeithiol ac felly, yma\u2019n Agri Advisor, darparwn wasanaethau drafftio a gwirio ewyllysai sy\u2019n sicrhau bod eich ewyllys yn addas ar gyfer eich amodau unigryw chi. Rydym hefyd yn cydnabod pwysigrwydd sefydlu yst\u00e2d treth-effeithlon ac yn cynghori amryw o gleientiaid gan gynnwys perchnogion tir, ffermwyr a phobl busnes.<\/p>\n<p><span style=\"text-decoration: underline;\">Pwerau Atwrnai:<\/span> Mae P\u0175er Atwrnai yn rhoi&#8217;r p\u0175er a&#8217;r awdurdod angenrheidiol i rywun arall wneud penderfyniadau ar eich rhan pe byddech yn colli\u2019r gallu meddyliol neu gorfforol.\u00a0 Efallai bydd angen awdurdod ar unigolyn i wneud penderfyniadau ar eich ran yn y senarios canlynol:<\/p>\n<ul>\n<li>Mae eich meddwl yn iawn ond mae nam ar eich symudedd corfforol ac felly byddai\u2019n haws enwebu un o\u2019ch anwyliaid i ddelio a thasgau cyffredin e.e. talu biliau\/ tripiau i\u2019r banc<\/li>\n<li>Rydych ar fin mynychu\u2019r Ysbyty ar gyfer llawdriniaeth, neu rydych ar fin ymadael ar wyliau hirdymor, a byddai&#8217;n well gennych fod mesurau dros dro yn eu lle i sicrhau bod eich materion yn parhau\u2019n esmwyth<\/li>\n<li>Efallai bod eich iechyd yn dirywio, ac rydych yn poeni am eich gallu meddyliol. Gallai hyn fod os ydych wedi cael diagnosis o ddementia ac efallai y byddwch yn colli&#8217;r gallu meddyliol i wneud penderfyniadau eich hun yn y dyfodol.<\/li>\n<\/ul>\n<p>Cyn belled \u00e2 bod gennych y gallu meddyliol angenrheidiol, gellir rhoi P\u0175er Atwrnai yn eu lle ar unrhyw adeg er mwyn sicrhau yr ymdrinnir \u00e2 phenderfyniadau pwysig yn sgil eich iechyd a&#8217;ch gofal, a&#8217;ch materion ariannol ac eiddo, yn unol \u00e2&#8217;ch dymuniadau.<\/p>\n<p><span style=\"text-decoration: underline;\">Llys Gwarchod:<\/span> Lle mae rhywun annwyl wedi colli gallu meddyliol; gallwn gynorthwyo gyda&#8217;r cais sydd i\u2019w gyflwyno i&#8217;r Llys Gwarchod. Mae gan ein T\u00eem brofiad da yn y maes hwn, ac ar hyn o bryd mae dau o&#8217;n Partneriaid wedi&#8217;u penodi&#8217;n Ddirprwyon proffesiynol ar gyfer cleientiaid.<\/p>\n<p><span style=\"text-decoration: underline;\">Cyngor Treth Etifeddiant:<\/span> Gall ein t\u00eem gynghori ar faterion treth gan gynnwys lwfansau unigolion, Band Cyfradd Preswyl a&#8217;r gostyngiadau Treth Etifeddiant e.e. Gostyngiad Eiddo Amaethyddol a Gostyngiad Eiddo Busnes ac ystyried Ymddiriedolaethau fel cerbyd treth effeithlon. Ein nod yw sicrhau bod ein cleientiaid yn elwa o&#8217;r holl eithriadau a gostyngiadau sydd ar gael gan sicrhau bod eu hyst\u00e2d mor effeithlon \u00e2 phosibl.<\/p>\n<p><span style=\"text-decoration: underline;\">Cyngor ar Olyniaeth Busnes:<\/span> Yn aml mae hyn yn cynnwys adolygiad cyfannol a phragmatig o&#8217;ch busnes cyfredol, ei nodau a&#8217;i amcanion ar gyfer y dyfodol, a pha adnoddau y bydd angen eu rhoi ar waith i&#8217;w cyflawni. Mae asesu eich strwythur busnes, goblygiadau treth ac ystyried dymuniadau&#8217;r rhai o&#8217;ch cwmpas yn gallu sicrhau cydymffurfiad \u00e2&#8217;ch dymuniadau, yn ystod eich oes ac ar \u00f4l eich dyddiau.<\/p>\n<p>Mae ein dulliau cynllunio olyniaeth yn ystyried yr holl oblygiadau ymarferol a chyfreithiol, eich anwyliaid a&#8217;ch busnes ac rydym yn awyddus i weithio fel rhan o d\u00eem o gynghorwyr ac arbenigwyr dibynadwy i gyflawni eich nodau.<\/p>\n<p><strong>\u00a0<\/strong><\/p>\n<p><strong>Gweinyddiaeth Profiant \/Yst\u00e2d<\/strong><\/p>\n<p>Yn dilyn marwolaeth unigolyn, bydd angen gweinyddu eu hyst\u00e2d. Mae&#8217;r broses yn ddibynnol ar os wnaethant adael Ewyllys, a hefyd natur yr asedau sy\u2019n eu hyst\u00e2d.<\/p>\n<p>Mae gan ein t\u00eem brofiad o bob math o ystadau gan gynnwys:<\/p>\n<ul>\n<li>Grant Yst\u00e2d Profiant (lle gadawodd rhywun Ewyllys).<\/li>\n<li>Grant Llythyrau Gweinyddu (lle bu farw rhywun heb Ewyllys dilys).<\/li>\n<li>Ystadau mwy cymhleth lle mae angen gwahanol Grantiau.<\/li>\n<li>Coladu&#8217;r wybodaeth sy&#8217;n ofynnol i gyflwyno&#8217;r ffurflen Dreth Etifeddiant i\u2019r adran Cyllid.<\/li>\n<li>Cymhwyso&#8217;r gostyngiadau amrywiol (h.y. gostyngiad treth eiddo amaethyddol, gostyngiad treth eiddo busnes) yn y modd mwyaf effeithiol a threth-effeithlon.<\/li>\n<li>Defnyddio \u2018Gweithred Amrywio\u2019 fel dull cynllunio Treth Etifeddiant ar \u00f4l marwolaeth.<\/li>\n<li>Cynghori ar barhad busnes ar \u00f4l marwolaeth.<\/li>\n<li>Gall ein t\u00eem datrys anghydfodau gynghori ar gais yn erbyn yst\u00e2d ac unrhyw anghydfodau a godir.<\/li>\n<\/ul>\n<p><strong>Costau <\/strong><\/p>\n<p>Nid ydym yn codi t\u00e2l ar sail canran o werth yr yst\u00e2d, ond yn hytrach ar faint o amser a dreulir yn delio \u00e2&#8217;r yst\u00e2d. Gwelwch ein tudalen costau am fwy o wybodaeth.<\/p>\n","protected":false},"excerpt":{"rendered":"<p>&nbsp; Yma\u2019n Agri Advisor, rydym yn cynghori\u2019n cleientiaid i ymdrin \u00e2\u2019i chynlluniau olyniaeth fel proses yn hytrach na orchwyl unwaith ac am byth. Cynghorir bod eich Ewyllysiau, eich sefyllfa Treth&#8230;<\/p>\n","protected":false},"author":2,"featured_media":0,"parent":422,"menu_order":58,"comment_status":"closed","ping_status":"closed","template":"","meta":{"_acf_changed":false,"footnotes":""},"pagetype":[],"class_list":["post-440","page","type-page","status-publish","hentry"],"acf":[],"yoast_head":"<!-- This site is optimized with the Yoast SEO plugin v27.5 - https:\/\/yoast.com\/product\/yoast-seo-wordpress\/ -->\n<title>Cynllunio a Gweinyddu Ystadau - Agri Advisor<\/title>\n<meta name=\"robots\" content=\"index, follow, max-snippet:-1, max-image-preview:large, max-video-preview:-1\" \/>\n<link rel=\"canonical\" href=\"https:\/\/www.agriadvisor.co.uk\/cy\/ein-gwasanaethau\/legal-services\/estate-planning-and-administration\/\" \/>\n<meta property=\"og:locale\" content=\"cy_GB\" \/>\n<meta property=\"og:type\" content=\"article\" \/>\n<meta property=\"og:title\" content=\"Cynllunio a Gweinyddu Ystadau - Agri Advisor\" \/>\n<meta property=\"og:description\" content=\"&nbsp; Yma\u2019n Agri Advisor, rydym yn cynghori\u2019n cleientiaid i ymdrin \u00e2\u2019i chynlluniau olyniaeth fel proses yn hytrach na orchwyl unwaith ac am byth. Cynghorir bod eich Ewyllysiau, eich sefyllfa Treth...\" \/>\n<meta property=\"og:url\" content=\"https:\/\/www.agriadvisor.co.uk\/cy\/ein-gwasanaethau\/legal-services\/estate-planning-and-administration\/\" \/>\n<meta property=\"og:site_name\" content=\"Agri Advisor\" \/>\n<meta property=\"article:modified_time\" content=\"2020-07-01T15:26:45+00:00\" \/>\n<meta name=\"twitter:card\" content=\"summary_large_image\" \/>\n<meta name=\"twitter:label1\" content=\"Est. reading time\" \/>\n\t<meta name=\"twitter:data1\" content=\"4 minutes\" \/>\n<script type=\"application\/ld+json\" class=\"yoast-schema-graph\">{\"@context\":\"https:\\\/\\\/schema.org\",\"@graph\":[{\"@type\":\"WebPage\",\"@id\":\"https:\\\/\\\/www.agriadvisor.co.uk\\\/cy\\\/ein-gwasanaethau\\\/legal-services\\\/estate-planning-and-administration\\\/\",\"url\":\"https:\\\/\\\/www.agriadvisor.co.uk\\\/cy\\\/ein-gwasanaethau\\\/legal-services\\\/estate-planning-and-administration\\\/\",\"name\":\"Cynllunio a Gweinyddu Ystadau - Agri Advisor\",\"isPartOf\":{\"@id\":\"https:\\\/\\\/www.agriadvisor.co.uk\\\/#website\"},\"datePublished\":\"2020-04-23T15:36:01+00:00\",\"dateModified\":\"2020-07-01T15:26:45+00:00\",\"breadcrumb\":{\"@id\":\"https:\\\/\\\/www.agriadvisor.co.uk\\\/cy\\\/ein-gwasanaethau\\\/legal-services\\\/estate-planning-and-administration\\\/#breadcrumb\"},\"inLanguage\":\"cy-GB\",\"potentialAction\":[{\"@type\":\"ReadAction\",\"target\":[\"https:\\\/\\\/www.agriadvisor.co.uk\\\/cy\\\/ein-gwasanaethau\\\/legal-services\\\/estate-planning-and-administration\\\/\"]}]},{\"@type\":\"BreadcrumbList\",\"@id\":\"https:\\\/\\\/www.agriadvisor.co.uk\\\/cy\\\/ein-gwasanaethau\\\/legal-services\\\/estate-planning-and-administration\\\/#breadcrumb\",\"itemListElement\":[{\"@type\":\"ListItem\",\"position\":1,\"name\":\"Home\",\"item\":\"https:\\\/\\\/www.agriadvisor.co.uk\\\/cy\\\/\"},{\"@type\":\"ListItem\",\"position\":2,\"name\":\"Gwasanaethau\",\"item\":\"https:\\\/\\\/www.agriadvisor.co.uk\\\/cy\\\/ein-gwasanaethau\\\/\"},{\"@type\":\"ListItem\",\"position\":3,\"name\":\"Gwasanaethau Cyfreithiol\",\"item\":\"https:\\\/\\\/www.agriadvisor.co.uk\\\/cy\\\/ein-gwasanaethau\\\/legal-services\\\/\"},{\"@type\":\"ListItem\",\"position\":4,\"name\":\"Cynllunio a Gweinyddu Ystadau\"}]},{\"@type\":\"WebSite\",\"@id\":\"https:\\\/\\\/www.agriadvisor.co.uk\\\/#website\",\"url\":\"https:\\\/\\\/www.agriadvisor.co.uk\\\/\",\"name\":\"Agri Advisor\",\"description\":\"A Specialist Rural Firm of Solicitors and Advisors\",\"inLanguage\":\"cy-GB\"}]}<\/script>\n<!-- \/ Yoast SEO plugin. -->","yoast_head_json":{"title":"Cynllunio a Gweinyddu Ystadau - Agri Advisor","robots":{"index":"index","follow":"follow","max-snippet":"max-snippet:-1","max-image-preview":"max-image-preview:large","max-video-preview":"max-video-preview:-1"},"canonical":"https:\/\/www.agriadvisor.co.uk\/cy\/ein-gwasanaethau\/legal-services\/estate-planning-and-administration\/","og_locale":"cy_GB","og_type":"article","og_title":"Cynllunio a Gweinyddu Ystadau - Agri Advisor","og_description":"&nbsp; Yma\u2019n Agri Advisor, rydym yn cynghori\u2019n cleientiaid i ymdrin \u00e2\u2019i chynlluniau olyniaeth fel proses yn hytrach na orchwyl unwaith ac am byth. Cynghorir bod eich Ewyllysiau, eich sefyllfa Treth...","og_url":"https:\/\/www.agriadvisor.co.uk\/cy\/ein-gwasanaethau\/legal-services\/estate-planning-and-administration\/","og_site_name":"Agri Advisor","article_modified_time":"2020-07-01T15:26:45+00:00","twitter_card":"summary_large_image","twitter_misc":{"Est. reading time":"4 minutes"},"schema":{"@context":"https:\/\/schema.org","@graph":[{"@type":"WebPage","@id":"https:\/\/www.agriadvisor.co.uk\/cy\/ein-gwasanaethau\/legal-services\/estate-planning-and-administration\/","url":"https:\/\/www.agriadvisor.co.uk\/cy\/ein-gwasanaethau\/legal-services\/estate-planning-and-administration\/","name":"Cynllunio a Gweinyddu Ystadau - Agri Advisor","isPartOf":{"@id":"https:\/\/www.agriadvisor.co.uk\/#website"},"datePublished":"2020-04-23T15:36:01+00:00","dateModified":"2020-07-01T15:26:45+00:00","breadcrumb":{"@id":"https:\/\/www.agriadvisor.co.uk\/cy\/ein-gwasanaethau\/legal-services\/estate-planning-and-administration\/#breadcrumb"},"inLanguage":"cy-GB","potentialAction":[{"@type":"ReadAction","target":["https:\/\/www.agriadvisor.co.uk\/cy\/ein-gwasanaethau\/legal-services\/estate-planning-and-administration\/"]}]},{"@type":"BreadcrumbList","@id":"https:\/\/www.agriadvisor.co.uk\/cy\/ein-gwasanaethau\/legal-services\/estate-planning-and-administration\/#breadcrumb","itemListElement":[{"@type":"ListItem","position":1,"name":"Home","item":"https:\/\/www.agriadvisor.co.uk\/cy\/"},{"@type":"ListItem","position":2,"name":"Gwasanaethau","item":"https:\/\/www.agriadvisor.co.uk\/cy\/ein-gwasanaethau\/"},{"@type":"ListItem","position":3,"name":"Gwasanaethau Cyfreithiol","item":"https:\/\/www.agriadvisor.co.uk\/cy\/ein-gwasanaethau\/legal-services\/"},{"@type":"ListItem","position":4,"name":"Cynllunio a Gweinyddu Ystadau"}]},{"@type":"WebSite","@id":"https:\/\/www.agriadvisor.co.uk\/#website","url":"https:\/\/www.agriadvisor.co.uk\/","name":"Agri Advisor","description":"A Specialist Rural Firm of Solicitors and Advisors","inLanguage":"cy-GB"}]}},"_links":{"self":[{"href":"https:\/\/www.agriadvisor.co.uk\/cy\/wp-json\/wp\/v2\/pages\/440","targetHints":{"allow":["GET"]}}],"collection":[{"href":"https:\/\/www.agriadvisor.co.uk\/cy\/wp-json\/wp\/v2\/pages"}],"about":[{"href":"https:\/\/www.agriadvisor.co.uk\/cy\/wp-json\/wp\/v2\/types\/page"}],"author":[{"embeddable":true,"href":"https:\/\/www.agriadvisor.co.uk\/cy\/wp-json\/wp\/v2\/users\/2"}],"replies":[{"embeddable":true,"href":"https:\/\/www.agriadvisor.co.uk\/cy\/wp-json\/wp\/v2\/comments?post=440"}],"version-history":[{"count":6,"href":"https:\/\/www.agriadvisor.co.uk\/cy\/wp-json\/wp\/v2\/pages\/440\/revisions"}],"predecessor-version":[{"id":1367,"href":"https:\/\/www.agriadvisor.co.uk\/cy\/wp-json\/wp\/v2\/pages\/440\/revisions\/1367"}],"up":[{"embeddable":true,"href":"https:\/\/www.agriadvisor.co.uk\/cy\/wp-json\/wp\/v2\/pages\/422"}],"wp:attachment":[{"href":"https:\/\/www.agriadvisor.co.uk\/cy\/wp-json\/wp\/v2\/media?parent=440"}],"wp:term":[{"taxonomy":"pagetype","embeddable":true,"href":"https:\/\/www.agriadvisor.co.uk\/cy\/wp-json\/wp\/v2\/pagetype?post=440"}],"curies":[{"name":"wp","href":"https:\/\/api.w.org\/{rel}","templated":true}]}}