{"id":668,"date":"2020-04-28T17:25:33","date_gmt":"2020-04-28T16:25:33","guid":{"rendered":"http:\/\/agriadvisor.flywheelsites.com\/?page_id=668"},"modified":"2020-07-01T16:30:49","modified_gmt":"2020-07-01T15:30:49","slug":"administration-of-estates","status":"publish","type":"page","link":"https:\/\/www.agriadvisor.co.uk\/cy\/ein-gwasanaethau\/legal-services\/estate-planning-and-administration\/administration-of-estates\/","title":{"rendered":"Gweinyddu Ystadau"},"content":{"rendered":"<p>Mae gweinyddu yst\u00e2d rhywun yn broses sy&#8217;n cael ei dilyn ar \u00f4l i rywun agos farw.\u00a0 Mae&#8217;r broses yn amrywio yn dibynnu ar bob amgylchiad unigol. Rydym ni yn Agri Advisor yn gallu cynnig blynyddoedd lawer o brofiad a gwybodaeth arbenigol yn y maes hwn gan sicrhau bod ein cleientiaid yn cael y fantais o wybodaeth arbenigol sy&#8217;n golygu y gellir llywio&#8217;r broses mewn ffordd sy&#8217;n effeithlon ac mor gost effeithlon \u00e2 phosibl.<\/p>\n<p>Blaenoriaeth teulu\u2019r ymadawedig fydd cofrestru\u2019r farwolaeth (o fewn 5 diwrnod i&#8217;r farwolaeth) ac wedi hynny bydd eu sylw yn symud i asedau&#8217;r ymadawedig a hefyd a adawsant ewyllys dilys a oedd wedi&#8217;i lofnodi.\u00a0 Os felly, bydd gofyn gwneud cais am grant profiant (&#8216; profiant &#8216;).\u00a0 Bydd y profiant yn rhoi i&#8217;r Ysgutorion a benodwyd o dan yr ewyllys yr awdurdod angenrheidiol gan y Llys i fynd ymlaen i gasglu a dosbarthu&#8217;r yst\u00e2d yn unol ag ewyllys yr ymadawedig.<\/p>\n<p>Os bu farw&#8217;r ymadawedig yn ddiewyllys, cyfeirir at hyn fel un a fu farw&#8217;n ddieffaith, a chael Grant o Lythyron Gweinyddu fydd y broses briodol.\u00a0 Y rhai sydd ag awdurdod i wneud cais i&#8217;r Llys am y Grant fydd y perthynas agosaf (fel priod, plant ac ati).<\/p>\n<p>Yn ddibynnol ar werth yst\u00e2d y sawl a fu farw, a&#8217;r asedion sy&#8217;n cynnwys yr yst\u00e2d, bydd hefyd yn ofynnol i gyflwyno datganiad i CThEM (naill ai IHT205 neu IHT400).<\/p>\n<p>Bydd angen ystyried yn ofalus y wybodaeth a ddarperir ar y ffurflenni Treth Etifeddiant (IHT) ac yn arbennig y rhyddhad a&#8217;r eithriadau y gellir eu defnyddio, gan sicrhau bod sefyllfa dreth yr yst\u00e2d yn cael ei lliniaru cymaint \u00e2 phosibl. Mae eithriadau a rhyddhadau o&#8217;r fath yn cynnwys Band Cyfradd Dim, Band Cyfradd Dim Preswyl, Rhyddhad Eiddo Amaethyddol, Rhyddhad Eiddo Busnes, Eithriadau Elusennol.\u00a0 Gall y defnydd cywir o&#8217;r rhyddhadau hyn wneud y gwahaniaeth rhwng talu treth, a pheidio \u00e2 thalu treth, ar yst\u00e2d. Mae&#8217;n hanfodol bwysig felly, lle bod IHT yn debygol o fod yn daladwy ar yst\u00e2d, fod cyngor cyfreithiwr sydd \u00e2 gwybodaeth arbenigol yn y maes hwn yn cael ei dderbyn.\u00a0\u00a0 Yr ydym wedi gallu arbed cannoedd o filoedd o bunnoedd i&#8217;n cleientiaid drwy weithredu&#8217;r cynlluniau rhyddhad hyn yn ofalus, ac ni ellir anwybyddu eu pwysigrwydd.<\/p>\n<p>Yn hynny o beth, byddwn yn ystyried:<\/p>\n<ul>\n<li>Busnes a strwythur busnes yr ymadawedig.<\/li>\n<li>Y defnydd o dir ar ddyddiad y farwolaeth ac, os yw&#8217;n cael ei feddiannu gan drydydd parti, natur y feddiannaeth honno.<\/li>\n<li>Yst\u00e2d eu priod.<\/li>\n<li>Prisiadau Profiant ar gyfer y tir a&#8217;r eiddo.<\/li>\n<li>Ystyried Gweithred Amrywio er mwyn dosbarthu&#8217;r yst\u00e2d mewn dull mwy effeithlon o ran treth.<\/li>\n<li>Ymdrin ag ystadau trawsffiniol.<\/li>\n<\/ul>\n<p>Cysylltwch \u00e2 ni i drefnu cyfarfod i drafod ymhellach ac y gellir ei drefnu drwy apwyntiad swyddfa, apwyntiad dros y ff\u00f4n, apwyntiad fideo neu ymweliad cartref.<\/p>\n","protected":false},"excerpt":{"rendered":"<p>Mae gweinyddu yst\u00e2d rhywun yn broses sy&#8217;n cael ei dilyn ar \u00f4l i rywun agos farw.\u00a0 Mae&#8217;r broses yn amrywio yn dibynnu ar bob amgylchiad unigol. Rydym ni yn Agri&#8230;<\/p>\n","protected":false},"author":2,"featured_media":0,"parent":440,"menu_order":62,"comment_status":"closed","ping_status":"closed","template":"","meta":{"_acf_changed":false,"footnotes":""},"pagetype":[],"class_list":["post-668","page","type-page","status-publish","hentry"],"acf":[],"yoast_head":"<!-- This site is optimized with the Yoast SEO plugin v27.4 - https:\/\/yoast.com\/product\/yoast-seo-wordpress\/ -->\n<title>Gweinyddu Ystadau - Agri Advisor<\/title>\n<meta name=\"robots\" content=\"index, follow, max-snippet:-1, max-image-preview:large, max-video-preview:-1\" \/>\n<link rel=\"canonical\" href=\"https:\/\/www.agriadvisor.co.uk\/cy\/ein-gwasanaethau\/legal-services\/estate-planning-and-administration\/administration-of-estates\/\" \/>\n<meta property=\"og:locale\" content=\"cy_GB\" \/>\n<meta property=\"og:type\" content=\"article\" \/>\n<meta property=\"og:title\" content=\"Gweinyddu Ystadau - Agri Advisor\" \/>\n<meta property=\"og:description\" content=\"Mae gweinyddu yst\u00e2d rhywun yn broses sy&#8217;n cael ei dilyn ar \u00f4l i rywun agos farw.\u00a0 Mae&#8217;r broses yn amrywio yn dibynnu ar bob amgylchiad unigol. Rydym ni yn Agri...\" \/>\n<meta property=\"og:url\" content=\"https:\/\/www.agriadvisor.co.uk\/cy\/ein-gwasanaethau\/legal-services\/estate-planning-and-administration\/administration-of-estates\/\" \/>\n<meta property=\"og:site_name\" content=\"Agri Advisor\" \/>\n<meta property=\"article:modified_time\" content=\"2020-07-01T15:30:49+00:00\" \/>\n<meta name=\"twitter:card\" content=\"summary_large_image\" \/>\n<meta name=\"twitter:label1\" content=\"Est. reading time\" \/>\n\t<meta name=\"twitter:data1\" content=\"2 minutes\" \/>\n<script type=\"application\/ld+json\" class=\"yoast-schema-graph\">{\"@context\":\"https:\\\/\\\/schema.org\",\"@graph\":[{\"@type\":\"WebPage\",\"@id\":\"https:\\\/\\\/www.agriadvisor.co.uk\\\/cy\\\/ein-gwasanaethau\\\/legal-services\\\/estate-planning-and-administration\\\/administration-of-estates\\\/\",\"url\":\"https:\\\/\\\/www.agriadvisor.co.uk\\\/cy\\\/ein-gwasanaethau\\\/legal-services\\\/estate-planning-and-administration\\\/administration-of-estates\\\/\",\"name\":\"Gweinyddu Ystadau - Agri Advisor\",\"isPartOf\":{\"@id\":\"https:\\\/\\\/www.agriadvisor.co.uk\\\/#website\"},\"datePublished\":\"2020-04-28T16:25:33+00:00\",\"dateModified\":\"2020-07-01T15:30:49+00:00\",\"breadcrumb\":{\"@id\":\"https:\\\/\\\/www.agriadvisor.co.uk\\\/cy\\\/ein-gwasanaethau\\\/legal-services\\\/estate-planning-and-administration\\\/administration-of-estates\\\/#breadcrumb\"},\"inLanguage\":\"cy-GB\",\"potentialAction\":[{\"@type\":\"ReadAction\",\"target\":[\"https:\\\/\\\/www.agriadvisor.co.uk\\\/cy\\\/ein-gwasanaethau\\\/legal-services\\\/estate-planning-and-administration\\\/administration-of-estates\\\/\"]}]},{\"@type\":\"BreadcrumbList\",\"@id\":\"https:\\\/\\\/www.agriadvisor.co.uk\\\/cy\\\/ein-gwasanaethau\\\/legal-services\\\/estate-planning-and-administration\\\/administration-of-estates\\\/#breadcrumb\",\"itemListElement\":[{\"@type\":\"ListItem\",\"position\":1,\"name\":\"Home\",\"item\":\"https:\\\/\\\/www.agriadvisor.co.uk\\\/cy\\\/\"},{\"@type\":\"ListItem\",\"position\":2,\"name\":\"Gwasanaethau\",\"item\":\"https:\\\/\\\/www.agriadvisor.co.uk\\\/cy\\\/ein-gwasanaethau\\\/\"},{\"@type\":\"ListItem\",\"position\":3,\"name\":\"Gwasanaethau Cyfreithiol\",\"item\":\"https:\\\/\\\/www.agriadvisor.co.uk\\\/cy\\\/ein-gwasanaethau\\\/legal-services\\\/\"},{\"@type\":\"ListItem\",\"position\":4,\"name\":\"Cynllunio a Gweinyddu Ystadau\",\"item\":\"https:\\\/\\\/www.agriadvisor.co.uk\\\/cy\\\/ein-gwasanaethau\\\/legal-services\\\/estate-planning-and-administration\\\/\"},{\"@type\":\"ListItem\",\"position\":5,\"name\":\"Gweinyddu Ystadau\"}]},{\"@type\":\"WebSite\",\"@id\":\"https:\\\/\\\/www.agriadvisor.co.uk\\\/#website\",\"url\":\"https:\\\/\\\/www.agriadvisor.co.uk\\\/\",\"name\":\"Agri Advisor\",\"description\":\"A Specialist Rural Firm of Solicitors and Advisors\",\"inLanguage\":\"cy-GB\"}]}<\/script>\n<!-- \/ Yoast SEO plugin. -->","yoast_head_json":{"title":"Gweinyddu Ystadau - Agri Advisor","robots":{"index":"index","follow":"follow","max-snippet":"max-snippet:-1","max-image-preview":"max-image-preview:large","max-video-preview":"max-video-preview:-1"},"canonical":"https:\/\/www.agriadvisor.co.uk\/cy\/ein-gwasanaethau\/legal-services\/estate-planning-and-administration\/administration-of-estates\/","og_locale":"cy_GB","og_type":"article","og_title":"Gweinyddu Ystadau - Agri Advisor","og_description":"Mae gweinyddu yst\u00e2d rhywun yn broses sy&#8217;n cael ei dilyn ar \u00f4l i rywun agos farw.\u00a0 Mae&#8217;r broses yn amrywio yn dibynnu ar bob amgylchiad unigol. Rydym ni yn Agri...","og_url":"https:\/\/www.agriadvisor.co.uk\/cy\/ein-gwasanaethau\/legal-services\/estate-planning-and-administration\/administration-of-estates\/","og_site_name":"Agri Advisor","article_modified_time":"2020-07-01T15:30:49+00:00","twitter_card":"summary_large_image","twitter_misc":{"Est. reading time":"2 minutes"},"schema":{"@context":"https:\/\/schema.org","@graph":[{"@type":"WebPage","@id":"https:\/\/www.agriadvisor.co.uk\/cy\/ein-gwasanaethau\/legal-services\/estate-planning-and-administration\/administration-of-estates\/","url":"https:\/\/www.agriadvisor.co.uk\/cy\/ein-gwasanaethau\/legal-services\/estate-planning-and-administration\/administration-of-estates\/","name":"Gweinyddu Ystadau - Agri Advisor","isPartOf":{"@id":"https:\/\/www.agriadvisor.co.uk\/#website"},"datePublished":"2020-04-28T16:25:33+00:00","dateModified":"2020-07-01T15:30:49+00:00","breadcrumb":{"@id":"https:\/\/www.agriadvisor.co.uk\/cy\/ein-gwasanaethau\/legal-services\/estate-planning-and-administration\/administration-of-estates\/#breadcrumb"},"inLanguage":"cy-GB","potentialAction":[{"@type":"ReadAction","target":["https:\/\/www.agriadvisor.co.uk\/cy\/ein-gwasanaethau\/legal-services\/estate-planning-and-administration\/administration-of-estates\/"]}]},{"@type":"BreadcrumbList","@id":"https:\/\/www.agriadvisor.co.uk\/cy\/ein-gwasanaethau\/legal-services\/estate-planning-and-administration\/administration-of-estates\/#breadcrumb","itemListElement":[{"@type":"ListItem","position":1,"name":"Home","item":"https:\/\/www.agriadvisor.co.uk\/cy\/"},{"@type":"ListItem","position":2,"name":"Gwasanaethau","item":"https:\/\/www.agriadvisor.co.uk\/cy\/ein-gwasanaethau\/"},{"@type":"ListItem","position":3,"name":"Gwasanaethau Cyfreithiol","item":"https:\/\/www.agriadvisor.co.uk\/cy\/ein-gwasanaethau\/legal-services\/"},{"@type":"ListItem","position":4,"name":"Cynllunio a Gweinyddu Ystadau","item":"https:\/\/www.agriadvisor.co.uk\/cy\/ein-gwasanaethau\/legal-services\/estate-planning-and-administration\/"},{"@type":"ListItem","position":5,"name":"Gweinyddu Ystadau"}]},{"@type":"WebSite","@id":"https:\/\/www.agriadvisor.co.uk\/#website","url":"https:\/\/www.agriadvisor.co.uk\/","name":"Agri Advisor","description":"A Specialist Rural Firm of Solicitors and Advisors","inLanguage":"cy-GB"}]}},"_links":{"self":[{"href":"https:\/\/www.agriadvisor.co.uk\/cy\/wp-json\/wp\/v2\/pages\/668","targetHints":{"allow":["GET"]}}],"collection":[{"href":"https:\/\/www.agriadvisor.co.uk\/cy\/wp-json\/wp\/v2\/pages"}],"about":[{"href":"https:\/\/www.agriadvisor.co.uk\/cy\/wp-json\/wp\/v2\/types\/page"}],"author":[{"embeddable":true,"href":"https:\/\/www.agriadvisor.co.uk\/cy\/wp-json\/wp\/v2\/users\/2"}],"replies":[{"embeddable":true,"href":"https:\/\/www.agriadvisor.co.uk\/cy\/wp-json\/wp\/v2\/comments?post=668"}],"version-history":[{"count":5,"href":"https:\/\/www.agriadvisor.co.uk\/cy\/wp-json\/wp\/v2\/pages\/668\/revisions"}],"predecessor-version":[{"id":1371,"href":"https:\/\/www.agriadvisor.co.uk\/cy\/wp-json\/wp\/v2\/pages\/668\/revisions\/1371"}],"up":[{"embeddable":true,"href":"https:\/\/www.agriadvisor.co.uk\/cy\/wp-json\/wp\/v2\/pages\/440"}],"wp:attachment":[{"href":"https:\/\/www.agriadvisor.co.uk\/cy\/wp-json\/wp\/v2\/media?parent=668"}],"wp:term":[{"taxonomy":"pagetype","embeddable":true,"href":"https:\/\/www.agriadvisor.co.uk\/cy\/wp-json\/wp\/v2\/pagetype?post=668"}],"curies":[{"name":"wp","href":"https:\/\/api.w.org\/{rel}","templated":true}]}}